{"id":792,"date":"2025-08-29T09:18:01","date_gmt":"2025-08-29T09:18:01","guid":{"rendered":"https:\/\/nexonixprofit.com\/?page_id=792"},"modified":"2025-08-29T09:19:30","modified_gmt":"2025-08-29T09:19:30","slug":"lizenzen","status":"publish","type":"page","link":"https:\/\/nexonixprofit.com\/de-ch\/lizenzen\/","title":{"rendered":"Lizenzen"},"content":{"rendered":"\n<div class=\"main-wrapper\">\n    \n    <main class=\"content\">\n      <div class=\"why-section\">\n        <div class=\"container w-container\">\n          <h2>Registrierungen und Bewilligungen von Nexonix Profit in der Schweiz<\/h2>\n          <Br\/>\n\t\t  <div class=\"table-wrapper\">\n\t\t\t  <table>\n\t\t\t\t<tr>\n\t\t\t\t\t<th><strong>Zust\u00e4ndigkeit<\/strong><\/th>\n\t\t\t\t\t<th><strong>Bewilligung \/ Registrierung<\/strong><\/th>\n\t\t\t\t\t<th><strong>Aufsichtsbeh\u00f6rde<\/strong><\/th>\n\t\t\t\t<\/tr>\n\t\t\t\t<tr>\n\t\t\t\t\t<td><strong>Bundesebene (Schweiz)<\/strong><\/td>\n\t\t\t\t\t<td>Zulassung als Finanzintermedi\u00e4r gem\u00e4ss Geldw\u00e4schereigesetz (GwG \/ AMLA)<\/td>\n\t\t\t\t\t<td><strong>FINMA \u2013 Eidgen\u00f6ssische Finanzmarktaufsicht<\/strong>, Bern<\/td>\n\t\t\t\t<\/tr>\n\t\t\t\t<tr>\n\t\t\t\t\t<td><strong>AML-Compliance<\/strong><\/td>\n\t\t\t\t\t<td>Mitgliedschaft in einer anerkannten Selbstregulierungsorganisation (SRO) zur Erf\u00fcllung der GwG-Pflichten<\/td>\n\t\t\t\t\t<td>Von <strong>FINMA<\/strong> anerkannte SRO<\/td>\n\t\t\t\t<\/tr>\n\t\t\t\t<tr>\n\t\t\t\t\t<td><strong>Bankgesch\u00e4ft<\/strong><\/td>\n\t\t\t\t\t<td>Banklizenz f\u00fcr die Entgegennahme von Einlagen und die Verwahrung von Kundengeldern<\/td>\n\t\t\t\t\t<td><strong>FINMA \u2013 Bankenaufsicht<\/strong>, Bern<\/td>\n\t\t\t\t<\/tr>\n\t\t\t\t<tr>\n\t\t\t\t\t<td><strong>Effekten und Derivate<\/strong><\/td>\n\t\t\t\t\t<td>Bewilligung als Effektenh\u00e4ndler oder Handelsplattform<\/td>\n\t\t\t\t\t<td><strong>FINMA \u2013 Marktaufsicht<\/strong>, Bern<\/td>\n\t\t\t\t<\/tr>\n\t\t\t\t<tr>\n\t\t\t\t\t<td><strong>Finanzdienstleistungen (FIDLEG \/ FINIG)<\/strong><\/td>\n\t\t\t\t\t<td>Zulassung nach Finanzdienstleistungsgesetz (FIDLEG) und Finanzinstitutsgesetz (FINIG) f\u00fcr Anlageberatung und Verm\u00f6gensverwaltung<\/td>\n\t\t\t\t\t<td><strong>FINMA<\/strong>, Bern<\/td>\n\t\t\t\t<\/tr>\n\t\t\t\t<tr>\n\t\t\t\t\t<td><strong>B\u00f6rsen und Handelsplattformen<\/strong><\/td>\n\t\t\t\t\t<td>Registrierung als organisierter Handelsplatz<\/td>\n\t\t\t\t\t<td><strong>SIX Swiss Exchange Regulation<\/strong>, Z\u00fcrich (unter FINMA-Aufsicht)<\/td>\n\t\t\t\t<\/tr>\n\t\t\t\t<tr>\n\t\t\t\t\t<td><strong>Kantonale Anforderungen<\/strong><\/td>\n\t\t\t\t\t<td>Eintrag im Handelsregister und steuerliche Registrierung in den jeweiligen Kantonen<\/td>\n\t\t\t\t\t<td>Lokale <strong>Handelsregister\u00e4mter der Kantone<\/strong><\/td>\n\t\t\t\t<\/tr>\n\t\t\t  <\/table>\n\t\t  <\/div>\n<Br\/><Br\/>\n        <\/div>\n      <\/div>\n    <\/main>\n    <div class=\"sticky-btn-wrap\">\n      <a href=\"#formTop\" class=\"btn sticky-btn anchor-js w-button\">Beginnen Sie heute mit dem Handel<\/a>\n    <\/div>\n    <footer class=\"footer\">\n      <div class=\"container w-container\">\n        <div class=\"footer-cols\">\n          <div class=\"footer-col fc-1\">\n            <a href=\"\/\" class=\"footer-logo w-inline-block\">\n              <img decoding=\"async\" src=\"https:\/\/nexonixprofit.com\/wp-content\/uploads\/2024\/08\/nexonix-profit-high-resolution-logo-transparent-1-1.png\" width=\"Auto\" alt=\"Nexonix Profit - Sichern Sie sich exklusive Vorteile mit Ihrem kostenlosen Nexonix Profit Konto  \" height=\"50\" class=\"footer-img\"\/>\n            <\/a>\n          <\/div>\n          <div class=\"footer-col fc-2\">\n            <div class=\"footer-nav-list\">\n              <div class=\"footer-nav-item\">\n                <a href=\"https:\/\/nexonixprofit.com\/de-ch\/ueber-uns\/\" class=\"footer-nav-link\">\u00dcber uns<\/a>\n              <\/div>\n              <div class=\"footer-nav-item\">\n                <a href=\"https:\/\/nexonixprofit.com\/terms\/\" class=\"footer-nav-link\">Bedingungen und Konditionen<\/a>\n              <\/div>\n              <div class=\"footer-nav-item\">\n                <a href=\"https:\/\/nexonixprofit.com\/policy\/\" class=\"footer-nav-link\">Datenschutzbestimmungen<\/a>\n              <\/div>\n              <div class=\"footer-nav-item\">\n                <a href=\"https:\/\/nexonixprofit.com\/de-ch\/kontaktieren-sie-uns\/\" class=\"footer-nav-link\">Kontaktieren Sie uns<\/a>\n              <\/div>\n              <div class=\"footer-nav-item\">\n                <div class=\"copyright\"><span class=\"year\">@2024<\/span>\n<\/div>\n              <\/div>\n            <\/div>\n          <\/div>\n        <\/div>\n        <div class=\"footer-disclaimer\">WARNUNG VOR HOHEM RISIKO: Der Handel mit Devisen, CFDs und Kryptow\u00e4hrungen ist hochspekulativ, birgt ein nicht zu vernachl\u00e4ssigendes Risiko und ist m\u00f6glicherweise nicht f\u00fcr alle Anleger geeignet.\nSie k\u00f6nnen einen Teil oder Ihr gesamtes investiertes Kapital verlieren. Daher sollten Sie nicht mit Kapital spekulieren, dessen Verlust Sie sich nicht leisten k\u00f6nnen.\nBitte beachten Sie die nachstehenden Risikohinweise.\nNexonix Profit macht keine Gewinne oder Verluste aufgrund Ihrer Aktivit\u00e4ten und arbeitet als Dienstleistungsunternehmen.\nNexonix Profit ist kein Finanzdienstleistungsunternehmen und ist nicht berechtigt, Finanzberatung zu leisten.\nDaher haftet Nexonix Profit nicht f\u00fcr Verluste, die \u00fcber oder in Verbindung mit dieser Informations-Website entstanden sind.     <br\/>\n<br\/>  OFFENLEGUNG DER WEBSITE-RISIKEN: Nexonix Profit \u00fcbernimmt keine Haftung f\u00fcr Verluste oder Sch\u00e4den, die sich aus dem Vertrauen auf die auf dieser Website enthaltenen Informationen ergeben; dies gilt auch f\u00fcr Lehrmaterial, Kursnotierungen und Charts sowie Analysen.\nSeien Sie sich der Risiken bewusst, die mit dem Handel an den Finanzm\u00e4rkten verbunden sind, und lassen Sie sich professionell beraten; investieren Sie nie mehr Geld, als Sie verlieren k\u00f6nnen.\nDie mit Devisen, CFDs und Kryptow\u00e4hrungen verbundenen Risiken sind m\u00f6glicherweise nicht f\u00fcr alle Anleger geeignet.\nNexonix Profit \u00fcbernimmt keine Verantwortung f\u00fcr Handelsverluste, die Ihnen durch die Nutzung der auf dieser Website bereitgestellten Daten oder durch Schlussfolgerungen daraus entstehen.   <br\/>\n<br\/>  RECHTLICHE BESCHR\u00c4NKUNGEN: Ohne die oben genannten Bestimmungen einzuschr\u00e4nken, sind Sie sich dar\u00fcber im Klaren, dass die Gesetze in Bezug auf finanzielle Aktivit\u00e4ten weltweit variieren, und es liegt in Ihrer Verantwortung, sicherzustellen, dass Sie alle Gesetze, Verordnungen oder Richtlinien in Ihrem Wohnsitzland in Bezug auf die Nutzung der Website ordnungsgem\u00e4\u00df einhalten.\nUm jeden Zweifel auszuschlie\u00dfen, bedeutet die M\u00f6glichkeit, auf unsere Website zuzugreifen, nicht notwendigerweise, dass unsere Dienstleistungen und\/oder Ihre Aktivit\u00e4ten \u00fcber die Website gem\u00e4\u00df den Gesetzen, Vorschriften oder Richtlinien Ihres Wohnsitzlandes legal sind.\nEs verst\u00f6\u00dft gegen das Gesetz, US-Personen zum Kauf und Verkauf von Rohstoffoptionen aufzufordern, auch wenn diese als &#171;Vorhersage&#187;-Kontrakte bezeichnet werden, es sei denn, sie sind zum Handel zugelassen und werden an einer CFTC-registrierten B\u00f6rse gehandelt, es sei denn, sie sind gesetzlich davon ausgenommen.\nDie britische Financial Conduct Authority hat eine Grundsatzerkl\u00e4rung PS20\/10 herausgegeben, die den Verkauf, die Werbung und den Vertrieb von CFD auf Krypto-Assets verbietet.\nSie verbietet die Verbreitung von Marketingmaterialien, die sich auf den Vertrieb von CFDs und anderen Finanzprodukten auf Basis von Kryptow\u00e4hrungen beziehen und sich an im Vereinigten K\u00f6nigreich ans\u00e4ssige Personen richten.\nDie Erbringung von Handelsdienstleistungen im Zusammenhang mit MiFID II-Finanzinstrumenten ist in der EU verboten, es sei denn, sie sind von den zust\u00e4ndigen Beh\u00f6rden und\/oder Regulierungsbeh\u00f6rden genehmigt\/lizenziert.\nBitte beachten Sie, dass wir m\u00f6glicherweise Werbegeb\u00fchren f\u00fcr Nutzer erhalten, die sich f\u00fcr die Er\u00f6ffnung eines Kontos bei unseren Werbepartnern \u00fcber die Websites der Werbepartner entscheiden.\nWir haben Cookies auf Ihrem Computer platziert, um Ihren Besuch auf dieser Website zu verbessern.\nSie k\u00f6nnen die Cookie-Einstellungen auf Ihrem Computer jederzeit \u00e4ndern.\nDurch die Nutzung dieser Website erkl\u00e4ren Sie sich mit dieser Website einverstanden.         <br\/>\n<br\/>  Bitte beachten Sie, dass die auf unserer Website abgebildeten Namen, einschlie\u00dflich, aber nicht beschr\u00e4nkt auf Nexonix Profit , ausschlie\u00dflich zu Marketing- und Illustrationszwecken dienen. Diese Namen repr\u00e4sentieren oder implizieren nicht die Existenz von bestimmten Unternehmen, Dienstleistern oder realen Personen. Au\u00dferdem sind die auf unserer Website gezeigten Bilder und\/oder Videos rein werblicher Natur und zeigen professionelle Schauspieler. Bei diesen Schauspielern handelt es sich nicht um tats\u00e4chliche Nutzer, Kunden oder H\u00e4ndler, und ihre Darstellungen sollten nicht als Bef\u00fcrwortungen oder Darstellungen realer Erfahrungen interpretiert werden. Alle Inhalte dienen ausschlie\u00dflich der Veranschaulichung und sollten nicht als Tatsachenbehauptung oder als Begr\u00fcndung einer rechtsverbindlichen Beziehung verstanden werden.    <\/div>\n      <\/div>\n    <\/footer>\n  <\/div>\n  \n  \n<style>\n.table-wrapper {\n\toverflow: auto;\n}\n\n.table-wrapper table {\n\tmin-width: 767px;\n}\n\n.video-reviews-section {\n  padding-top: 54px;\n  padding-bottom: 54px;\n}\n\n.video-reviews {\n  display: flex;\n  flex-wrap: wrap;\n  gap: 24px;\n}  \n  \n.card-video-review {\n  width: calc(33.3% - 16px);\n  position: relative;\n  display: flex;\n  flex-direction: column;\n  gap: 10px;\n}\n\n.card-video-review__title {\n  font-size: 16px;\n  color: #0D0C43;\n  line-height: 24px;\n  font-weight: 600;\n  text-align: left;\n  margin-bottom: 4px;\n}\n\n.card-video-review p {\n  font-size: 15px;\n  color: #7A7998;\n  line-height: 20px;\n  font-weight: 400;\n  letter-spacing: 0.3px;\n} \n\n.card-video-review__bottom {\n  display: flex;\n  align-items: center;\n  gap: 24px;\n}\n\n.card-video-review__user {\n  display: flex;\n  align-items: center;\n  gap: 6px;\n  font-size: 14px;\n  color: #7A7998;\n  line-height: 22px;\n}\n\n.card-video-review__date {\n  display: flex;\n  align-items: center;\n  gap: 6px;\n  font-size: 14px;\n  color: #7A7998;\n  line-height: 22px;\n}\n\n\n@media (max-width: 1200px) { \n  .card-video-review {\n    width: calc(50% - 12px);\n  }\n}\n\n\n@media (max-width: 767px) { \n  .card-video-review {\n    width: 100%;\n  }\n}\n  \n<\/style>\n","protected":false},"excerpt":{"rendered":"<p>Registrierungen und Bewilligungen von Nexonix Profit in der Schweiz Zust\u00e4ndigkeit Bewilligung \/ Registrierung Aufsichtsbeh\u00f6rde Bundesebene&hellip;<\/p>\n","protected":false},"author":1,"featured_media":0,"parent":0,"menu_order":0,"comment_status":"closed","ping_status":"closed","template":"","meta":{"_acf_changed":false,"_monsterinsights_skip_tracking":false,"_monsterinsights_sitenote_active":false,"_monsterinsights_sitenote_note":"","_monsterinsights_sitenote_category":0,"footnotes":""},"class_list":["post-792","page","type-page","status-publish","hentry"],"acf":[],"_links":{"self":[{"href":"https:\/\/nexonixprofit.com\/de-ch\/wp-json\/wp\/v2\/pages\/792"}],"collection":[{"href":"https:\/\/nexonixprofit.com\/de-ch\/wp-json\/wp\/v2\/pages"}],"about":[{"href":"https:\/\/nexonixprofit.com\/de-ch\/wp-json\/wp\/v2\/types\/page"}],"author":[{"embeddable":true,"href":"https:\/\/nexonixprofit.com\/de-ch\/wp-json\/wp\/v2\/users\/1"}],"replies":[{"embeddable":true,"href":"https:\/\/nexonixprofit.com\/de-ch\/wp-json\/wp\/v2\/comments?post=792"}],"version-history":[{"count":2,"href":"https:\/\/nexonixprofit.com\/de-ch\/wp-json\/wp\/v2\/pages\/792\/revisions"}],"predecessor-version":[{"id":794,"href":"https:\/\/nexonixprofit.com\/de-ch\/wp-json\/wp\/v2\/pages\/792\/revisions\/794"}],"wp:attachment":[{"href":"https:\/\/nexonixprofit.com\/de-ch\/wp-json\/wp\/v2\/media?parent=792"}],"curies":[{"name":"wp","href":"https:\/\/api.w.org\/{rel}","templated":true}]}}