{"id":160,"date":"2024-08-21T08:55:43","date_gmt":"2024-08-21T08:55:43","guid":{"rendered":"https:\/\/nexonixprofit.com\/ueber-uns\/"},"modified":"2024-08-21T13:28:03","modified_gmt":"2024-08-21T13:28:03","slug":"ueber-uns","status":"publish","type":"page","link":"https:\/\/nexonixprofit.com\/de\/ueber-uns\/","title":{"rendered":"\u00dcber uns"},"content":{"rendered":"\n<div class=\"main-wrapper\">\n    \n\t <main class=\"content abt\">\n      <div class=\"intro-section\">\n        <div class=\"container w-container\">\n          <h1 class=\"intro-title abt\">\u00dcber Nexonix Profit  <br\/>\n<\/h1>\n        <\/div>\n      <\/div>\n      <div class=\"what-section\">\n        <div class=\"container w-container\">\n          <div class=\"cols what-cols\">\n            <div class=\"col-50 what-text-col\">\n              <h2 class=\"title what-title\">Was ist die Nexonix Profit Software?<br\/>\n<\/h2>\n              <p class=\"p what-p\">Bitcoin, der 2009 eingef\u00fchrt wurde, und sp\u00e4ter auch andere Kryptow\u00e4hrungen haben die globale Finanzlandschaft im letzten Jahrzehnt ver\u00e4ndert.\nDas Aufkommen von Bitcoin war interessant, da es zu einem Zeitpunkt erfolgte, als die Welt nach der durch die Deregulierungspolitik in den USA verursachten globalen Finanzkrise dringend finanziellen Wohlstand brauchte. <br\/>\n<br\/>  Kryptow\u00e4hrungen sind als digitale Peer-to-Peer-W\u00e4hrungen dezentralisiert, vertrauenslos, transparent, grenzenlos, \u00fcberpr\u00fcfbar, aber pseudonym.\nDiese Eigenschaften erwiesen sich als ein gro\u00dfes Versprechen.\nMitten in der Finanzkrise wagten jedoch nur wenige Anleger den Sprung auf den fahrenden Zug.\nDie fr\u00fchen Investoren glaubten an den Krypto-Traum, bezeichneten ihn als die Zukunft des Geldes und hatten gro\u00dfes Vertrauen in die zugrunde liegende Blockchain-Technologie.   <br\/>\n<br\/>  Der Aufstieg von Bitcoin war gro\u00dfartig. Er begann unter 1 $ und erreichte seinen H\u00f6hepunkt bei 20.000 $, wobei die ganze Welt zusah.\nZu diesem Zeitpunkt waren Kryptow\u00e4hrungen nicht nur eine Form von Geld, sondern dienten auch als hervorragendes Wertaufbewahrungsmittel f\u00fcr Anleger.\nDie ersten Gl\u00e4ubigen nutzten diese erstaunliche Gelegenheit, w\u00e4hrend andere Anleger den Kryptomarkt genauer beobachteten.\nSeitdem sind zahlreiche weitere Kryptow\u00e4hrungen aufgetaucht, und die Anleger halten eifrig Ausschau nach dem n\u00e4chsten Bitcoin   <\/p>\n              <p class=\"p what-p\">Diese Strategie war fehlerhaft, denn die Kryptopreise waren volatil.\nDie anschlie\u00dfenden Erholungen erreichten nicht die fr\u00fcheren H\u00f6chstst\u00e4nde, die w\u00e4hrend des ersten Jahrzehnts der Branche verzeichnet wurden.\nBitcoin und andere Kryptow\u00e4hrungen wiesen jedoch ihre beste Qualit\u00e4ts-Preis-Volatilit\u00e4t auf.\nIm Handel und in der Spekulation regiert die Volatilit\u00e4t, denn die H\u00e4ndler verdienen mehr Geld an den Preis\u00e4nderungen.\nBei Kryptow\u00e4hrungen k\u00f6nnen Sie sich rund um die Uhr auf volatile Preise verlassen.    <br\/>\n<br\/>  Trotzdem ist die Volatilit\u00e4t kein Zuckerschlecken.\nDas ist der Grund, warum wir Nexonix Profit entwickelt haben.\nDie automatisierte Krypto-Handelssoftware erm\u00f6glicht es Anlegern aller Ebenen, die einzigartigen Chancen im Krypto-Bereich zu nutzen.\nDie Software wendet die besten Daytrading-Strategien an und nutzt dabei einzigartige Fintech-Technologien f\u00fcr den Handel mit Bitcoin und anderen Kryptow\u00e4hrungen.\nDadurch wird sichergestellt, dass die Mitglieder von Nexonix Profit jeden Tag in der Woche Gewinne erzielen.\nWerden Sie noch heute Teil unserer Handelsgemeinschaft und sichern Sie sich ein St\u00fcck vom Krypto-Kuchen.     <br\/>\n<br\/>  Machen Sie t\u00e4glich gro\u00dfe Gewinne mit Nexonix Profit!<\/p>\n              <div class=\"what-btn-wrap\">\n                <a href=\"#formTop\" class=\"btn what-btn w-button\"><\/a><a href=\"#formTop\">Entdecken Sie jetzt die bahnbrechende Nexonix Profit COMMUNITY<\/a>\n              <\/div>\n            <\/div>\n            <div class=\"col-50 what-img-col\">\n              <div class=\"what-img-wrap\"><img decoding=\"async\" src=\"https:\/\/nexonixprofit.com\/wp-content\/uploads\/2024\/08\/scam.webp\" sizes=\"(max-width: 479px) 100vw, (max-width: 767px) 58vw, (max-width: 991px) 39vw, 34vw\" srcset=\"https:\/\/nexonixprofit.com\/wp-content\/uploads\/2024\/08\/what-p-500.webp 500w, https:\/\/nexonixprofit.com\/wp-content\/uploads\/2024\/08\/what.webp 699w\" alt=\"Nexonix Profit - Was ist die Nexonix Profit Software?\" class=\"what-img\"\/><\/div>\n            <\/div>\n          <\/div>\n        <\/div>\n      <\/div>\n      <div class=\"team-section\">\n        <div class=\"container w-container\">\n          <div class=\"cols\">\n            <div class=\"col-50 team-img-col\">\n              <div class=\"team-img-wrap\"><img decoding=\"async\" src=\"https:\/\/nexonixprofit.com\/wp-content\/uploads\/2024\/08\/scam.webp\" sizes=\"(max-width: 479px) 100vw, (max-width: 991px) 30vw, 40vw\" srcset=\"https:\/\/nexonixprofit.com\/wp-content\/uploads\/2024\/08\/scam.webp 500w, https:\/\/nexonixprofit.com\/wp-content\/uploads\/2024\/08\/scam.webp 800w, https:\/\/nexonixprofit.com\/wp-content\/uploads\/2024\/08\/scam.webp 869w\" alt=\"Nexonix Profit - Das Nexonix Profit Team\" class=\"team-img radi\"\/><\/div>\n            <\/div>\n            <div class=\"col-50 text-col\">\n              <h2 class=\"title team-title\">Das Nexonix Profit Team<br\/>\n<\/h2>\n              <p class=\"p team-p\">Der Wunsch, so vielen H\u00e4ndlern und Anlegern wie m\u00f6glich zu helfen, mit dem Handel von Kryptow\u00e4hrungen Geld zu verdienen, veranlasste die Gr\u00fcnder von Nexonix Profit, eine automatisierte Handelssoftware f\u00fcr Kryptow\u00e4hrungen zu entwickeln.\nIhre unterschiedlichen beruflichen Hintergr\u00fcnde kamen ihnen bei der Entwicklung der besten Handelssoftware der Welt zugute.\nDas Team besteht aus erfahrenen Finanzh\u00e4ndlern, Wirtschaftswissenschaftlern, Mathematikern und f\u00fchrenden Entwicklern.  <br\/>\n<br\/>  Die Beta-Testphase der Nexonix Profit Software war ein Erfolg.\nSowohl Neulinge als auch erfahrene Anleger wurden zur Teilnahme aufgerufen, und die Ergebnisse waren beeindruckend und erfolgreich.\nNexonix Profit wurde f\u00fcr einen begrenzten Zeitraum f\u00fcr die \u00d6ffentlichkeit zug\u00e4nglich gemacht.\nJetzt k\u00f6nnen Sie Teil der Community werden und das Wissen der f\u00fchrenden Finanztrader unserer Zeit kostenlos nutzen, um t\u00e4glich ein passives Einkommen zu erzielen.   <\/p>\n              <div class=\"team-btn-wrap\">\n                <a href=\"#formTop\" class=\"btn white-btn w-button\"><\/a><a href=\"#formTop\">REGISTRIEREN SIE SICH F\u00dcR EIN KOSTENLOSES Nexonix Profit TRADING-KONTO<\/a>\n              <\/div>\n            <\/div>\n          <\/div>\n        <\/div>\n      <\/div>\n    <\/main>\n    \n    <div class=\"sticky-btn-wrap\">\n      <a href=\"#formTop\" class=\"btn sticky-btn anchor-js w-button\">Beginnen Sie heute mit dem Handel<\/a>\n    <\/div>\n    <footer class=\"footer\">\n      <div class=\"container w-container\">\n        <div class=\"footer-cols\">\n          <div class=\"footer-col fc-1\">\n            <a href=\"\/\" class=\"footer-logo w-inline-block\">\n              <img decoding=\"async\" src=\"https:\/\/nexonixprofit.com\/wp-content\/uploads\/2024\/08\/nexonix-profit-high-resolution-logo-transparent-1-1.png\" width=\"Auto\" alt=\"Nexonix Profit - Sichern Sie sich exklusive Vorteile mit Ihrem kostenlosen Nexonix Profit Konto  \" height=\"50\" class=\"footer-img\"\/>\n            <\/a>\n          <\/div>\n          <div class=\"footer-col fc-2\">\n            <div class=\"footer-nav-list\">\n              <div class=\"footer-nav-item\">\n                <a href=\"https:\/\/nexonixprofit.com\/de\/ueber-uns\/\" class=\"footer-nav-link\">\u00dcber uns<\/a>\n              <\/div>\n              <div class=\"footer-nav-item\">\n                <a href=\"https:\/\/nexonixprofit.com\/terms\/\" class=\"footer-nav-link\">Bedingungen und Konditionen<\/a>\n              <\/div>\n              <div class=\"footer-nav-item\">\n                <a href=\"https:\/\/nexonixprofit.com\/policy\/\" class=\"footer-nav-link\">Datenschutzbestimmungen<\/a>\n              <\/div>\n              <div class=\"footer-nav-item\">\n                <a href=\"https:\/\/nexonixprofit.com\/de\/kontaktieren-sie-uns\/\" class=\"footer-nav-link\">Kontaktieren Sie uns<\/a>\n              <\/div>\n              <div class=\"footer-nav-item\">\n                <div class=\"copyright\"><span class=\"year\">@2024<\/span>\n<\/div>\n              <\/div>\n            <\/div>\n          <\/div>\n        <\/div>\n        <div class=\"footer-disclaimer\">WARNUNG VOR HOHEM RISIKO: Der Handel mit Devisen, CFDs und Kryptow\u00e4hrungen ist hochspekulativ, birgt ein nicht zu vernachl\u00e4ssigendes Risiko und ist m\u00f6glicherweise nicht f\u00fcr alle Anleger geeignet.\nSie k\u00f6nnen einen Teil oder Ihr gesamtes investiertes Kapital verlieren. Daher sollten Sie nicht mit Kapital spekulieren, dessen Verlust Sie sich nicht leisten k\u00f6nnen.\nBitte beachten Sie die nachstehenden Risikohinweise.\nNexonix Profit macht keine Gewinne oder Verluste aufgrund Ihrer Aktivit\u00e4ten und arbeitet als Dienstleistungsunternehmen.\nNexonix Profit ist kein Finanzdienstleistungsunternehmen und ist nicht berechtigt, Finanzberatung zu leisten.\nDaher haftet Nexonix Profit nicht f\u00fcr Verluste, die \u00fcber oder in Verbindung mit dieser Informations-Website entstanden sind.     <br\/>\n<br\/>  OFFENLEGUNG DER WEBSITE-RISIKEN: Nexonix Profit \u00fcbernimmt keine Haftung f\u00fcr Verluste oder Sch\u00e4den, die sich aus dem Vertrauen auf die auf dieser Website enthaltenen Informationen ergeben; dies gilt auch f\u00fcr Lehrmaterial, Kursnotierungen und Charts sowie Analysen.\nSeien Sie sich der Risiken bewusst, die mit dem Handel an den Finanzm\u00e4rkten verbunden sind, und lassen Sie sich professionell beraten; investieren Sie nie mehr Geld, als Sie verlieren k\u00f6nnen.\nDie mit Devisen, CFDs und Kryptow\u00e4hrungen verbundenen Risiken sind m\u00f6glicherweise nicht f\u00fcr alle Anleger geeignet.\nNexonix Profit \u00fcbernimmt keine Verantwortung f\u00fcr etwaige Handelsverluste, die Ihnen durch die Nutzung der auf dieser Website bereitgestellten Daten oder durch Schlussfolgerungen daraus entstehen.   <br\/>\n<br\/>  RECHTLICHE BESCHR\u00c4NKUNGEN: Ohne die oben genannten Bestimmungen einzuschr\u00e4nken, sind Sie sich dar\u00fcber im Klaren, dass die Gesetze in Bezug auf finanzielle Aktivit\u00e4ten weltweit variieren, und es liegt in Ihrer Verantwortung, sicherzustellen, dass Sie alle Gesetze, Verordnungen oder Richtlinien in Ihrem Wohnsitzland in Bezug auf die Nutzung der Website ordnungsgem\u00e4\u00df einhalten.\nUm jeden Zweifel auszuschlie\u00dfen, bedeutet die M\u00f6glichkeit, auf unsere Website zuzugreifen, nicht notwendigerweise, dass unsere Dienstleistungen und\/oder Ihre Aktivit\u00e4ten \u00fcber die Website gem\u00e4\u00df den Gesetzen, Vorschriften oder Richtlinien Ihres Wohnsitzlandes legal sind.\nEs verst\u00f6\u00dft gegen das Gesetz, US-Personen zum Kauf und Verkauf von Rohstoffoptionen aufzufordern, auch wenn diese als &#8222;Vorhersage&#8220;-Kontrakte bezeichnet werden, es sei denn, sie sind zum Handel zugelassen und werden an einer CFTC-registrierten B\u00f6rse gehandelt, es sei denn, sie sind gesetzlich davon ausgenommen.\nDie britische Financial Conduct Authority hat eine Grundsatzerkl\u00e4rung PS20\/10 herausgegeben, die den Verkauf, die Werbung und den Vertrieb von CFD auf Krypto-Assets verbietet.\nSie verbietet die Verbreitung von Marketingmaterialien, die sich auf den Vertrieb von CFDs und anderen Finanzprodukten auf Basis von Kryptow\u00e4hrungen beziehen und sich an im Vereinigten K\u00f6nigreich ans\u00e4ssige Personen richten.\nDie Erbringung von Handelsdienstleistungen im Zusammenhang mit MiFID II-Finanzinstrumenten ist in der EU verboten, es sei denn, sie sind von den zust\u00e4ndigen Beh\u00f6rden und\/oder Regulierungsbeh\u00f6rden genehmigt\/lizenziert.\nBitte beachten Sie, dass wir m\u00f6glicherweise Werbegeb\u00fchren f\u00fcr Nutzer erhalten, die sich f\u00fcr die Er\u00f6ffnung eines Kontos bei unseren Werbepartnern \u00fcber die Websites der Werbepartner entscheiden.\nWir haben Cookies auf Ihrem Computer platziert, um Ihren Besuch auf dieser Website zu verbessern.\nSie k\u00f6nnen die Cookie-Einstellungen auf Ihrem Computer jederzeit \u00e4ndern.\nDurch die Nutzung dieser Website erkl\u00e4ren Sie sich mit dieser Website einverstanden.         <br\/>\n<br\/>  Bitte beachten Sie, dass die auf unserer Website abgebildeten Namen, einschlie\u00dflich, aber nicht beschr\u00e4nkt auf Nexonix Profit , ausschlie\u00dflich zu Marketing- und Illustrationszwecken dienen.\nDiese Namen repr\u00e4sentieren oder implizieren nicht die Existenz von bestimmten Unternehmen, Dienstleistern oder realen Personen.\nAu\u00dferdem sind die auf unserer Website gezeigten Bilder und\/oder Videos rein werblicher Natur und zeigen professionelle Schauspieler.\nBei diesen Schauspielern handelt es sich nicht um tats\u00e4chliche Nutzer, Kunden oder H\u00e4ndler, und ihre Darstellungen sollten nicht als Bef\u00fcrwortungen oder Darstellungen realer Erfahrungen interpretiert werden.\nAlle Inhalte dienen ausschlie\u00dflich der Veranschaulichung und sollten nicht als Tatsachenbehauptung oder als Begr\u00fcndung einer rechtsverbindlichen Beziehung verstanden werden.    <\/div>\n      <\/div>\n    <\/footer>\n  <\/div>\n","protected":false},"excerpt":{"rendered":"<p>\u00dcber Nexonix Profit Was ist die Nexonix Profit Software? Bitcoin, der 2009 eingef\u00fchrt wurde, und&hellip;<\/p>\n","protected":false},"author":1,"featured_media":0,"parent":0,"menu_order":0,"comment_status":"closed","ping_status":"closed","template":"","meta":{"_acf_changed":false,"_monsterinsights_skip_tracking":false,"_monsterinsights_sitenote_active":false,"_monsterinsights_sitenote_note":"","_monsterinsights_sitenote_category":0,"footnotes":""},"class_list":["post-160","page","type-page","status-publish","hentry"],"acf":[],"_links":{"self":[{"href":"https:\/\/nexonixprofit.com\/de\/wp-json\/wp\/v2\/pages\/160"}],"collection":[{"href":"https:\/\/nexonixprofit.com\/de\/wp-json\/wp\/v2\/pages"}],"about":[{"href":"https:\/\/nexonixprofit.com\/de\/wp-json\/wp\/v2\/types\/page"}],"author":[{"embeddable":true,"href":"https:\/\/nexonixprofit.com\/de\/wp-json\/wp\/v2\/users\/1"}],"replies":[{"embeddable":true,"href":"https:\/\/nexonixprofit.com\/de\/wp-json\/wp\/v2\/comments?post=160"}],"version-history":[{"count":1,"href":"https:\/\/nexonixprofit.com\/de\/wp-json\/wp\/v2\/pages\/160\/revisions"}],"predecessor-version":[{"id":162,"href":"https:\/\/nexonixprofit.com\/de\/wp-json\/wp\/v2\/pages\/160\/revisions\/162"}],"wp:attachment":[{"href":"https:\/\/nexonixprofit.com\/de\/wp-json\/wp\/v2\/media?parent=160"}],"curies":[{"name":"wp","href":"https:\/\/api.w.org\/{rel}","templated":true}]}}