{"id":163,"date":"2024-08-21T08:55:43","date_gmt":"2024-08-21T08:55:43","guid":{"rendered":"https:\/\/nexonixprofit.com\/sobre-nosotros\/"},"modified":"2024-08-21T13:28:03","modified_gmt":"2024-08-21T13:28:03","slug":"sobre-nosotros","status":"publish","type":"page","link":"https:\/\/nexonixprofit.com\/es\/sobre-nosotros\/","title":{"rendered":"Sobre nosotros"},"content":{"rendered":"\n<div class=\"main-wrapper\">\n    \n\t <main class=\"content abt\">\n      <div class=\"intro-section\">\n        <div class=\"container w-container\">\n          <h1 class=\"intro-title abt\">Acerca de Nexonix Profit  <br\/>\n<\/h1>\n        <\/div>\n      <\/div>\n      <div class=\"what-section\">\n        <div class=\"container w-container\">\n          <div class=\"cols what-cols\">\n            <div class=\"col-50 what-text-col\">\n              <h2 class=\"title what-title\">\u00bfQu\u00e9 es el software Nexonix Profit?<br\/>\n<\/h2>\n              <p class=\"p what-p\">Bitcoin, introducida por primera vez en 2009, y posteriormente otras criptomonedas, han cambiado el panorama financiero mundial durante la \u00faltima d\u00e9cada.\nLa aparici\u00f3n de Bitcoin fue interesante, ya que se produjo cuando el mundo necesitaba urgentemente prosperidad financiera, tras la crisis financiera mundial provocada por las pol\u00edticas de desregulaci\u00f3n en EEUU. <br\/>\n<br\/>  Las criptodivisas, como monedas digitales entre iguales, son descentralizadas, sin confianza, transparentes, sin fronteras, verificables, pero seud\u00f3nimas.\nEstas caracter\u00edsticas resultaron ser una gran promesa.\nSin embargo, en medio de la crisis financiera, s\u00f3lo unos pocos inversores se arriesgaron a subirse al carro.\nLos primeros inversores cre\u00edan en el sue\u00f1o criptogr\u00e1fico, lo etiquetaron como el futuro del dinero y ten\u00edan una gran fe en su tecnolog\u00eda de cadena de bloques subyacente.   <br\/>\n<br\/>  El ascenso de Bitcoin fue soberbio, comenzando por debajo de 1 $ y alcanzando su m\u00e1ximo de 20.000 $, con el mundo entero observando.\nPara entonces, las criptomonedas no s\u00f3lo eran una forma de dinero, sino que tambi\u00e9n serv\u00edan como un excelente dep\u00f3sito de valor para los inversores.\nLos primeros creyentes aprovecharon esta incre\u00edble oportunidad, mientras que otros inversores observaban el mercado de las criptomonedas con m\u00e1s atenci\u00f3n.\nDesde entonces, han surgido muchas otras criptomonedas, y los inversores est\u00e1n muy atentos al pr\u00f3ximo Bitcoin   <\/p>\n              <p class=\"p what-p\">Esa estrategia fue err\u00f3nea, ya que los precios de las criptomonedas han sido vol\u00e1tiles.\nLos repuntes posteriores no lograron alcanzar los m\u00e1ximos anteriores experimentados durante la primera d\u00e9cada del sector.\nSin embargo, Bitcoin y otras criptomonedas registraron su mejor volatilidad calidad-precio.\nEn el comercio y la especulaci\u00f3n, la volatilidad manda, ya que los operadores ganan m\u00e1s dinero con los cambios de precio.\nCon las criptodivisas, puedes estar seguro de precios vol\u00e1tiles 24 horas al d\u00eda, 7 d\u00edas a la semana.    <br\/>\n<br\/>  A pesar de ello, la volatilidad no es un paseo.\nPor eso hemos creado Nexonix Profit .\nEl software automatizado de comercio de criptomonedas permite a los inversores de todos los niveles aprovechar las oportunidades \u00fanicas que ofrece el espacio de las criptomonedas.\nEl software despliega las mejores estrategias de trading diario utilizando tecnolog\u00edas fintech \u00fanicas para operar con Bitcoin y otras criptomonedas.\nComo resultado, garantiza que los miembros de Nexonix Profit obtengan beneficios todos los d\u00edas de la semana.\nForma parte de nuestra comunidad de operadores hoy mismo y consigue un trozo del pastel de las criptomonedas.     <br\/>\n<br\/>  \u00a1Empieza a obtener grandes beneficios a diario con Nexonix Profit !<\/p>\n              <div class=\"what-btn-wrap\">\n                <a href=\"#formTop\" class=\"btn what-btn w-button\"><\/a><a href=\"#formTop\">EXPLORA AHORA LA INNOVADORA COMUNIDAD Nexonix Profit<\/a>\n              <\/div>\n            <\/div>\n            <div class=\"col-50 what-img-col\">\n              <div class=\"what-img-wrap\"><img decoding=\"async\" src=\"https:\/\/nexonixprofit.com\/wp-content\/uploads\/2024\/08\/scam.webp\" sizes=\"(max-width: 479px) 100vw, (max-width: 767px) 58vw, (max-width: 991px) 39vw, 34vw\" srcset=\"https:\/\/nexonixprofit.com\/wp-content\/uploads\/2024\/08\/what-p-500.webp 500w, https:\/\/nexonixprofit.com\/wp-content\/uploads\/2024\/08\/what.webp 699w\" alt=\"Nexonix Profit - \u00bfQu\u00e9 es el software Nexonix Profit?\" class=\"what-img\"\/><\/div>\n            <\/div>\n          <\/div>\n        <\/div>\n      <\/div>\n      <div class=\"team-section\">\n        <div class=\"container w-container\">\n          <div class=\"cols\">\n            <div class=\"col-50 team-img-col\">\n              <div class=\"team-img-wrap\"><img decoding=\"async\" src=\"https:\/\/nexonixprofit.com\/wp-content\/uploads\/2024\/08\/scam.webp\" sizes=\"(max-width: 479px) 100vw, (max-width: 991px) 30vw, 40vw\" srcset=\"https:\/\/nexonixprofit.com\/wp-content\/uploads\/2024\/08\/scam.webp 500w, https:\/\/nexonixprofit.com\/wp-content\/uploads\/2024\/08\/scam.webp 800w, https:\/\/nexonixprofit.com\/wp-content\/uploads\/2024\/08\/scam.webp 869w\" alt=\"Nexonix Profit - El Equipo Nexonix Profit\" class=\"team-img radi\"\/><\/div>\n            <\/div>\n            <div class=\"col-50 text-col\">\n              <h2 class=\"title team-title\">El Equipo Nexonix Profit<br\/>\n<\/h2>\n              <p class=\"p team-p\">El deseo de ayudar al mayor n\u00famero posible de operadores e inversores a ganar dinero mediante el comercio de criptomonedas llev\u00f3 a los fundadores de Nexonix Profit a desarrollar un software de comercio automatizado de criptomonedas.\nSus diversas trayectorias profesionales se pusieron al servicio del desarrollo del mejor software de negociaci\u00f3n del mundo.\nEl equipo est\u00e1 formado por veteranos operadores financieros, economistas de carrera, matem\u00e1ticos y desarrolladores l\u00edderes.  <br\/>\n<br\/>  La fase de pruebas beta del software Nexonix Profit fue un \u00e9xito.\nSe llam\u00f3 a participar tanto a inversores principiantes como experimentados, y los resultados fueron impresionantes y exitosos.\nNexonix Profit se lanz\u00f3 al p\u00fablico durante un periodo limitado.\nAhora, puedes formar parte de la comunidad y utilizar gratuitamente los conocimientos de los principales operadores financieros de nuestro tiempo para obtener ingresos pasivos diariamente.   <\/p>\n              <div class=\"team-btn-wrap\">\n                <a href=\"#formTop\" class=\"btn white-btn w-button\"><\/a><a href=\"#formTop\">REG\u00cdSTRATE PARA UNA CUENTA GRATUITA EN Nexonix Profit TRADING<\/a>\n              <\/div>\n            <\/div>\n          <\/div>\n        <\/div>\n      <\/div>\n    <\/main>\n    \n    <div class=\"sticky-btn-wrap\">\n      <a href=\"#formTop\" class=\"btn sticky-btn anchor-js w-button\">Empieza a operar hoy<\/a>\n    <\/div>\n    <footer class=\"footer\">\n      <div class=\"container w-container\">\n        <div class=\"footer-cols\">\n          <div class=\"footer-col fc-1\">\n            <a href=\"\/\" class=\"footer-logo w-inline-block\">\n              <img decoding=\"async\" src=\"https:\/\/nexonixprofit.com\/wp-content\/uploads\/2024\/08\/nexonix-profit-high-resolution-logo-transparent-1-1.png\" width=\"Auto\" alt=\"Nexonix Profit - Desbloquea ventajas exclusivas con tu cuenta Nexonix Profit gratuita  \" height=\"50\" class=\"footer-img\"\/>\n            <\/a>\n          <\/div>\n          <div class=\"footer-col fc-2\">\n            <div class=\"footer-nav-list\">\n              <div class=\"footer-nav-item\">\n                <a href=\"https:\/\/nexonixprofit.com\/es\/sobre-nosotros\/\" class=\"footer-nav-link\">Sobre nosotros<\/a>\n              <\/div>\n              <div class=\"footer-nav-item\">\n                <a href=\"https:\/\/nexonixprofit.com\/terms\/\" class=\"footer-nav-link\">T\u00e9rminos y condiciones<\/a>\n              <\/div>\n              <div class=\"footer-nav-item\">\n                <a href=\"https:\/\/nexonixprofit.com\/policy\/\" class=\"footer-nav-link\">Pol\u00edtica de privacidad<\/a>\n              <\/div>\n              <div class=\"footer-nav-item\">\n                <a href=\"https:\/\/nexonixprofit.com\/es\/contacta-con-nosotros\/\" class=\"footer-nav-link\">Contacta con nosotros<\/a>\n              <\/div>\n              <div class=\"footer-nav-item\">\n                <div class=\"copyright\"><span class=\"year\">@2024<\/span>\n<\/div>\n              <\/div>\n            <\/div>\n          <\/div>\n        <\/div>\n        <div class=\"footer-disclaimer\">ADVERTENCIA DE ALTO RIESGO: Operar con divisas, CFD y criptomonedas es altamente especulativo, conlleva un nivel de riesgo no despreciable y puede no ser adecuado para todos los inversores.\nPuedes perder parte o la totalidad de tu capital invertido, por lo que no debes especular con un capital que no puedas permitirte perder.\nConsulta la informaci\u00f3n sobre riesgos que figura a continuaci\u00f3n.\nNexonix Profit no obtiene ni pierde beneficios en funci\u00f3n de tu actividad y opera como una empresa de servicios.\nNexonix Profit no es una empresa de servicios financieros y no puede proporcionar asesoramiento financiero.\nPor lo tanto, Nexonix Profit no ser\u00e1 responsable de las p\u00e9rdidas que se produzcan a trav\u00e9s de este sitio web informativo o en relaci\u00f3n con \u00e9l.     <br\/>\n<br\/>  DECLARACI\u00d3N DE RIESGO DEL SITIO WEB: Nexonix Profit no acepta ninguna responsabilidad por p\u00e9rdidas o da\u00f1os derivados de la confianza depositada en la informaci\u00f3n contenida en este sitio web; esto incluye material educativo, cotizaciones de precios y gr\u00e1ficos, y an\u00e1lisis.\nPor favor, s\u00e9 consciente de los riesgos asociados a operar en los mercados financieros y busca asesoramiento profesional al respecto; nunca inviertas m\u00e1s dinero del que puedas arriesgarte a perder.\nLos riesgos que entra\u00f1an las divisas, los CFD y las criptomonedas pueden no ser adecuados para todos los inversores.\nNexonix Profit no se responsabiliza de las p\u00e9rdidas que puedas sufrir en tus operaciones como resultado del uso o deducci\u00f3n de los datos alojados en este sitio.   <br\/>\n<br\/>  RESTRICCIONES LEGALES: Sin limitar las disposiciones mencionadas anteriormente, entiendes que las leyes relativas a las actividades financieras var\u00edan en todo el mundo, y es tu responsabilidad asegurarte de que cumples adecuadamente cualquier ley, reglamento o directriz de tu pa\u00eds de residencia en relaci\u00f3n con el uso del Sitio.\nPara evitar cualquier duda, la posibilidad de acceder a nuestro Sitio no significa necesariamente que nuestros Servicios y\/o tus actividades a trav\u00e9s del Sitio sean legales seg\u00fan las leyes, reglamentos o directivas pertinentes a tu pa\u00eds de residencia.\nEs contrario a la ley solicitar a particulares estadounidenses que compren y vendan opciones sobre materias primas, aunque se denominen contratos de \u00abpredicci\u00f3n\u00bb, a menos que coticen en bolsa y se negocien en una bolsa registrada en la CFTC, a menos que est\u00e9n legalmente exentos.\nLa Autoridad de Conducta Financiera del Reino Unido ha emitido una declaraci\u00f3n pol\u00edtica PS20\/10, que proh\u00edbe la venta, promoci\u00f3n y distribuci\u00f3n de CFD sobre criptoactivos.\nProh\u00edbe la difusi\u00f3n de materiales de marketing relativos a la distribuci\u00f3n de CFD y otros productos financieros basados en Criptodivisas dirigidos a residentes en el Reino Unido.\nLa prestaci\u00f3n de servicios de negociaci\u00f3n que impliquen cualquier instrumento financiero MiFID II est\u00e1 prohibida en la UE, a menos que est\u00e9 autorizada\/licenciada por las autoridades y\/o regulador(es) aplicable(s).\nTen en cuenta que podemos recibir comisiones por publicidad para los usuarios que opten por abrir una cuenta con nuestros anunciantes asociados a trav\u00e9s de los sitios web de los anunciantes.\nHemos colocado cookies en tu ordenador para ayudar a mejorar tu experiencia al visitar este sitio web.\nPuedes cambiar la configuraci\u00f3n de las cookies en tu ordenador en cualquier momento.\nEl uso de este sitio web indica que lo aceptas.         <br\/>\n<br\/>  Ten en cuenta que los nombres que aparecen en nuestro sitio web, incluido Nexonix Profit , pero sin limitarse a \u00e9l, tienen fines estrictamente comerciales e ilustrativos.\nEstos nombres no representan ni implican la existencia de entidades espec\u00edficas, proveedores de servicios o individuos de la vida real.\nAdem\u00e1s, las im\u00e1genes y\/o v\u00eddeos presentados en nuestro sitio web son de naturaleza puramente promocional y est\u00e1n protagonizados por actores profesionales.\nEstos actores no son usuarios, clientes o comerciantes reales, y sus representaciones no deben interpretarse como avales o representaciones de experiencias de la vida real.\nTodo el contenido est\u00e1 destinado \u00fanicamente a fines ilustrativos y no debe interpretarse como un hecho o como la formaci\u00f3n de cualquier relaci\u00f3n jur\u00eddicamente vinculante.    <\/div>\n      <\/div>\n    <\/footer>\n  <\/div>\n","protected":false},"excerpt":{"rendered":"<p>Acerca de Nexonix Profit \u00bfQu\u00e9 es el software Nexonix Profit? Bitcoin, introducida por primera vez&hellip;<\/p>\n","protected":false},"author":1,"featured_media":0,"parent":0,"menu_order":0,"comment_status":"closed","ping_status":"closed","template":"","meta":{"_acf_changed":false,"_monsterinsights_skip_tracking":false,"_monsterinsights_sitenote_active":false,"_monsterinsights_sitenote_note":"","_monsterinsights_sitenote_category":0,"footnotes":""},"class_list":["post-163","page","type-page","status-publish","hentry"],"acf":[],"_links":{"self":[{"href":"https:\/\/nexonixprofit.com\/es\/wp-json\/wp\/v2\/pages\/163"}],"collection":[{"href":"https:\/\/nexonixprofit.com\/es\/wp-json\/wp\/v2\/pages"}],"about":[{"href":"https:\/\/nexonixprofit.com\/es\/wp-json\/wp\/v2\/types\/page"}],"author":[{"embeddable":true,"href":"https:\/\/nexonixprofit.com\/es\/wp-json\/wp\/v2\/users\/1"}],"replies":[{"embeddable":true,"href":"https:\/\/nexonixprofit.com\/es\/wp-json\/wp\/v2\/comments?post=163"}],"version-history":[{"count":1,"href":"https:\/\/nexonixprofit.com\/es\/wp-json\/wp\/v2\/pages\/163\/revisions"}],"predecessor-version":[{"id":165,"href":"https:\/\/nexonixprofit.com\/es\/wp-json\/wp\/v2\/pages\/163\/revisions\/165"}],"wp:attachment":[{"href":"https:\/\/nexonixprofit.com\/es\/wp-json\/wp\/v2\/media?parent=163"}],"curies":[{"name":"wp","href":"https:\/\/api.w.org\/{rel}","templated":true}]}}