{"id":838,"date":"2025-08-29T09:18:01","date_gmt":"2025-08-29T09:18:01","guid":{"rendered":"https:\/\/nexonixprofit.com\/licences\/"},"modified":"2025-09-17T14:50:56","modified_gmt":"2025-09-17T14:50:56","slug":"licences","status":"publish","type":"page","link":"https:\/\/nexonixprofit.com\/fr\/licences\/","title":{"rendered":"Licences"},"content":{"rendered":"\n<div class=\"main-wrapper\">\n    \n    <main class=\"content\">\n      <div class=\"why-section\">\n        <div class=\"container w-container\">\n          <h2>Enregistrements et autorisations de Nexonix Profit en Suisse<\/h2>\n          <br\/>\t\t  <div class=\"table-wrapper\">\n\t\t\t  <table>\n\t\t\t\t<tr>\n\t\t\t\t\t<th><strong>Responsabilit\u00e9<\/strong><\/th>\n\t\t\t\t\t<th><strong>Autorisation \/ Enregistrement<\/strong><\/th>\n\t\t\t\t\t<th><strong>Autorit\u00e9 de surveillance<\/strong><\/th>\n\t\t\t\t<\/tr>\n\t\t\t\t<tr>\n\t\t\t\t\t<td><strong>Niveau f\u00e9d\u00e9ral (Suisse)<\/strong><\/td>\n\t\t\t\t\t<td>Autorisation en tant qu&rsquo;interm\u00e9diaire financier selon la loi sur le blanchiment d&rsquo;argent (LBA)<\/td>\n\t\t\t\t\t<td><strong>FINMA &#8211; Autorit\u00e9 f\u00e9d\u00e9rale de surveillance des march\u00e9s financiers<\/strong>, Berne<\/td>\n\t\t\t\t<\/tr>\n\t\t\t\t<tr>\n\t\t\t\t\t<td><strong>Conformit\u00e9 AML<\/strong><\/td>\n\t\t\t\t\t<td>Adh\u00e9sion \u00e0 un organisme d&rsquo;autor\u00e9gulation (OAR) reconnu pour le respect des obligations LBA<\/td>\n\t\t\t\t\t<td>OAR reconnu par la <strong>FINMA<\/strong> <\/td> \n\t\t\t\t<\/tr>\n\t\t\t\t<tr>\n\t\t\t\t\t<td><strong>Activit\u00e9 bancaire<\/strong><\/td>\n\t\t\t\t\t<td>Licence bancaire pour l&rsquo;acceptation de d\u00e9p\u00f4ts et la garde de fonds de clients<\/td>\n\t\t\t\t\t<td><strong>FINMA &#8211; Surveillance des banques<\/strong>, Berne<\/td>\n\t\t\t\t<\/tr>\n\t\t\t\t<tr>\n\t\t\t\t\t<td><strong>Titres et produits d\u00e9riv\u00e9s<\/strong><\/td>\n\t\t\t\t\t<td>Autorisation en tant que n\u00e9gociant en valeurs mobili\u00e8res ou plate-forme de n\u00e9gociation<\/td>\n\t\t\t\t\t<td><strong>FINMA &#8211; Surveillance des march\u00e9s<\/strong>, Berne<\/td>\n\t\t\t\t<\/tr>\n\t\t\t\t<tr>\n\t\t\t\t\t<td><strong>Services financiers (FIDLEG \/ FINIG)<\/strong><\/td>\n\t\t\t\t\t<td>Autorisation selon la loi sur les services financiers (LSFin) et la loi sur les \u00e9tablissements financiers (LEFin) pour le conseil en placement et la gestion de fortune<\/td>\n\t\t\t\t\t<td><strong>FINMA<\/strong>, Berne<\/td>\n\t\t\t\t<\/tr>\n\t\t\t\t<tr>\n\t\t\t\t\t<td><strong>Bourses et plateformes de n\u00e9gociation<\/strong><\/td>\n\t\t\t\t\t<td>Enregistrement en tant que plate-forme de n\u00e9gociation organis\u00e9e<\/td>\n\t\t\t\t\t<td><strong>SIX Swiss Exchange Regulation<\/strong>, Zurich (sous la surveillance de la FINMA)<\/td>\n\t\t\t\t<\/tr>\n\t\t\t\t<tr>\n\t\t\t\t\t<td><strong>Exigences cantonales<\/strong><\/td>\n\t\t\t\t\t<td>Inscription au registre du commerce et enregistrement fiscal dans les cantons respectifs<\/td>\n\t\t\t\t\t<td><strong>Bureaux<\/strong> locaux du <strong>registre du commerce des cantons<\/strong><\/td>\n\t\t\t\t<\/tr>\n\t\t\t  <\/table>\n\t\t  <\/div>\n<br\/><br\/>        <\/div>\n      <\/div>\n    <\/main>\n    <div class=\"sticky-btn-wrap\">\n      <a href=\"#formTop\" class=\"btn sticky-btn anchor-js w-button\">Commencez \u00e0 n\u00e9gocier aujourd&rsquo;hui<\/a>\n    <\/div>\n    <footer class=\"footer\">\n      <div class=\"container w-container\">\n        <div class=\"footer-cols\">\n          <div class=\"footer-col fc-1\">\n            <a href=\"\/\" class=\"footer-logo w-inline-block\">\n              <img decoding=\"async\" src=\"https:\/\/nexonixprofit.com\/wp-content\/uploads\/2024\/08\/nexonix-profit-high-resolution-logo-transparent-1-1.png\" width=\"Auto\" alt=\"Nexonix Profit - B\u00e9n\u00e9ficiez d'avantages exclusifs gr\u00e2ce \u00e0 votre compte Nexonix Profit gratuit.  \" height=\"50\" class=\"footer-img\"\/>\n            <\/a>\n          <\/div>\n          <div class=\"footer-col fc-2\">\n            <div class=\"footer-nav-list\">\n              <div class=\"footer-nav-item\">\n                <a href=\"https:\/\/nexonixprofit.com\/fr\/a-propos-de-nous\/\" class=\"footer-nav-link\">A propos de nous<\/a>\n              <\/div>\n              <div class=\"footer-nav-item\">\n                <a href=\"https:\/\/nexonixprofit.com\/terms\/\" class=\"footer-nav-link\">Conditions d&rsquo;utilisation<\/a>\n              <\/div>\n              <div class=\"footer-nav-item\">\n                <a href=\"https:\/\/nexonixprofit.com\/policy\/\" class=\"footer-nav-link\">R\u00e9glementation en mati\u00e8re de protection des donn\u00e9es<\/a>\n              <\/div>\n              <div class=\"footer-nav-item\">\n                <a href=\"https:\/\/nexonixprofit.com\/fr\/contactez-nous\/\" class=\"footer-nav-link\">Prenez contact avec nous<\/a>\n              <\/div>\n              <div class=\"footer-nav-item\">\n                <div class=\"copyright\"><span class=\"year\">@2024<\/span>\n<\/div>\n              <\/div>\n            <\/div>\n          <\/div>\n        <\/div>\n        <div class=\"footer-disclaimer\">AVERTISSEMENT SUR LE RISQUE \u00c9LEV\u00c9 : Le trading du forex, des CFD et des cryptocurrencies est hautement sp\u00e9culatif, comporte un niveau de risque non n\u00e9gligeable et peut ne pas convenir \u00e0 tous les investisseurs.\nVous pouvez perdre une partie ou la totalit\u00e9 de votre capital investi. Par cons\u00e9quent, vous ne devriez pas sp\u00e9culer avec un capital que vous ne pouvez pas vous permettre de perdre.\nVeuillez lire les avertissements sur les risques ci-dessous.\nNexonix Profit ne fait aucun profit ou perte de vos activit\u00e9s et fonctionne comme une soci\u00e9t\u00e9 de services.\nNexonix Profit n&rsquo;est pas une soci\u00e9t\u00e9 de services financiers et n&rsquo;est pas autoris\u00e9e \u00e0 fournir des conseils financiers.\nPar cons\u00e9quent, Nexonix Profit n&rsquo;est pas responsable des pertes subies par l&rsquo;interm\u00e9diaire de ce site Web d&rsquo;information ou en relation avec celui-ci.   <br\/><br\/>  DIVULGATION DES RISQUES DU SITE WEB : Nexonix Profit n&rsquo;accepte aucune responsabilit\u00e9 pour toute perte ou dommage r\u00e9sultant de la confiance accord\u00e9e aux informations contenues sur ce site web, y compris le mat\u00e9riel \u00e9ducatif, les cotations de prix et les graphiques et analyses.\nSoyez conscient des risques li\u00e9s au trading sur les march\u00e9s financiers et demandez conseil \u00e0 un professionnel ; n&rsquo;investissez jamais plus d&rsquo;argent que vous ne pouvez vous permettre d&rsquo;en perdre.\nLes risques associ\u00e9s au forex, aux CFD et aux crypto-monnaies peuvent ne pas convenir \u00e0 tous les investisseurs.\nNexonix Profit n&rsquo;accepte aucune responsabilit\u00e9 pour les pertes de trading que vous pourriez subir suite \u00e0 l&rsquo;utilisation ou \u00e0 la d\u00e9duction des donn\u00e9es fournies sur ce site web.  <br\/><br\/>  RESTRICTIONS L\u00c9GALES : Sans limiter la port\u00e9e de ce qui pr\u00e9c\u00e8de, vous comprenez que les lois relatives aux activit\u00e9s financi\u00e8res varient dans le monde entier et qu&rsquo;il vous incombe de vous assurer que vous respectez correctement les lois, r\u00e8glements ou directives de votre pays de r\u00e9sidence en ce qui concerne l&rsquo;utilisation du site web.\nPour \u00e9viter toute ambigu\u00eft\u00e9, la possibilit\u00e9 d&rsquo;acc\u00e9der \u00e0 notre site web ne signifie pas n\u00e9cessairement que nos services et\/ou vos activit\u00e9s sur le site web sont l\u00e9gaux au regard des lois, r\u00e9glementations ou politiques de votre pays de r\u00e9sidence.\nIl est ill\u00e9gal de solliciter des personnes am\u00e9ricaines pour acheter ou vendre des options sur mati\u00e8res premi\u00e8res, m\u00eame si elles sont qualifi\u00e9es de contrats \u00ab\u00a0pr\u00e9visionnels\u00a0\u00bb, \u00e0 moins qu&rsquo;elles ne soient admises \u00e0 la n\u00e9gociation et n\u00e9goci\u00e9es sur une bourse enregistr\u00e9e aupr\u00e8s de la CFTC, ou qu&rsquo;elles ne soient exempt\u00e9es par la loi.\nLa Financial Conduct Authority du Royaume-Uni a publi\u00e9 une d\u00e9claration de principe PS20\/10 interdisant la vente, la publicit\u00e9 et la distribution de CFD sur les crypto-actifs.\nElle interdit la distribution de mat\u00e9riel de marketing relatif \u00e0 la vente de CFD et d&rsquo;autres produits financiers bas\u00e9s sur les crypto-monnaies aux r\u00e9sidents du Royaume-Uni.\nLa fourniture de services de n\u00e9gociation en rapport avec les instruments financiers MiFID II est interdite dans l&rsquo;UE, sauf autorisation\/licence des autorit\u00e9s comp\u00e9tentes et\/ou des r\u00e9gulateurs.\nVeuillez noter que nous pouvons recevoir des frais de publicit\u00e9 pour les utilisateurs qui choisissent d&rsquo;ouvrir un compte aupr\u00e8s de nos partenaires publicitaires par l&rsquo;interm\u00e9diaire des sites web de ces derniers.\nNous avons plac\u00e9 des cookies sur votre ordinateur afin d&rsquo;am\u00e9liorer votre visite sur ce site web.\nVous pouvez \u00e0 tout moment modifier les param\u00e8tres des cookies sur votre ordinateur.\nEn utilisant ce site web, vous d\u00e9clarez \u00eatre d&rsquo;accord avec ce site.  <br\/><br\/>  Veuillez noter que les noms affich\u00e9s sur notre site web, y compris, mais sans s&rsquo;y limiter, Nexonix Profit, ne le sont qu&rsquo;\u00e0 des fins de marketing et d&rsquo;illustration. Ces noms ne repr\u00e9sentent ni n&rsquo;impliquent l&rsquo;existence d&rsquo;une entreprise, d&rsquo;un prestataire de services ou d&rsquo;une personne r\u00e9elle en particulier. En outre, les images et\/ou les vid\u00e9os pr\u00e9sent\u00e9es sur notre site web sont de nature purement promotionnelle et mettent en sc\u00e8ne des acteurs professionnels. Ces acteurs ne sont pas des utilisateurs, des clients ou des commer\u00e7ants r\u00e9els, et leurs repr\u00e9sentations ne doivent pas \u00eatre interpr\u00e9t\u00e9es comme des approbations ou des repr\u00e9sentations d&rsquo;exp\u00e9riences r\u00e9elles. Tout le contenu est fourni \u00e0 titre d&rsquo;illustration uniquement et ne doit pas \u00eatre interpr\u00e9t\u00e9 comme une d\u00e9claration de fait ou la formation d&rsquo;une relation juridiquement contraignante.      <\/div>\n      <\/div>\n    <\/footer>\n  <\/div>\n  \n  \n<style>\n.table-wrapper {\n\toverflow: auto;\n}\n\n.table-wrapper table {\n\tmin-width: 767px;\n}\n\n.video-reviews-section {\n  padding-top: 54px;\n  padding-bottom: 54px;\n}\n\n.video-reviews {\n  display: flex;\n  flex-wrap: wrap;\n  gap: 24px;\n}  \n  \n.card-video-review {\n  width: calc(33.3% - 16px);\n  position: relative;\n  display: flex;\n  flex-direction: column;\n  gap: 10px;\n}\n\n.card-video-review__title {\n  font-size: 16px;\n  color: #0D0C43;\n  line-height: 24px;\n  font-weight: 600;\n  text-align: left;\n  margin-bottom: 4px;\n}\n\n.card-video-review p {\n  font-size: 15px;\n  color: #7A7998;\n  line-height: 20px;\n  font-weight: 400;\n  letter-spacing: 0.3px;\n} \n\n.card-video-review__bottom {\n  display: flex;\n  align-items: center;\n  gap: 24px;\n}\n\n.card-video-review__user {\n  display: flex;\n  align-items: center;\n  gap: 6px;\n  font-size: 14px;\n  color: #7A7998;\n  line-height: 22px;\n}\n\n.card-video-review__date {\n  display: flex;\n  align-items: center;\n  gap: 6px;\n  font-size: 14px;\n  color: #7A7998;\n  line-height: 22px;\n}\n\n\n@media (max-width: 1200px) { \n  .card-video-review {\n    width: calc(50% - 12px);\n  }\n}\n\n\n@media (max-width: 767px) { \n  .card-video-review {\n    width: 100%;\n  }\n}\n  \n<\/style>\n","protected":false},"excerpt":{"rendered":"<p>Enregistrements et autorisations de Nexonix Profit en Suisse Responsabilit\u00e9 Autorisation \/ Enregistrement Autorit\u00e9 de surveillance&hellip;<\/p>\n","protected":false},"author":1,"featured_media":0,"parent":0,"menu_order":0,"comment_status":"closed","ping_status":"closed","template":"","meta":{"_acf_changed":false,"_monsterinsights_skip_tracking":false,"_monsterinsights_sitenote_active":false,"_monsterinsights_sitenote_note":"","_monsterinsights_sitenote_category":0,"footnotes":""},"class_list":["post-838","page","type-page","status-publish","hentry"],"acf":[],"_links":{"self":[{"href":"https:\/\/nexonixprofit.com\/fr\/wp-json\/wp\/v2\/pages\/838"}],"collection":[{"href":"https:\/\/nexonixprofit.com\/fr\/wp-json\/wp\/v2\/pages"}],"about":[{"href":"https:\/\/nexonixprofit.com\/fr\/wp-json\/wp\/v2\/types\/page"}],"author":[{"embeddable":true,"href":"https:\/\/nexonixprofit.com\/fr\/wp-json\/wp\/v2\/users\/1"}],"replies":[{"embeddable":true,"href":"https:\/\/nexonixprofit.com\/fr\/wp-json\/wp\/v2\/comments?post=838"}],"version-history":[{"count":1,"href":"https:\/\/nexonixprofit.com\/fr\/wp-json\/wp\/v2\/pages\/838\/revisions"}],"predecessor-version":[{"id":840,"href":"https:\/\/nexonixprofit.com\/fr\/wp-json\/wp\/v2\/pages\/838\/revisions\/840"}],"wp:attachment":[{"href":"https:\/\/nexonixprofit.com\/fr\/wp-json\/wp\/v2\/media?parent=838"}],"curies":[{"name":"wp","href":"https:\/\/api.w.org\/{rel}","templated":true}]}}