{"id":841,"date":"2025-08-29T09:18:01","date_gmt":"2025-08-29T09:18:01","guid":{"rendered":"https:\/\/nexonixprofit.com\/licenze\/"},"modified":"2025-09-17T14:51:00","modified_gmt":"2025-09-17T14:51:00","slug":"licenze","status":"publish","type":"page","link":"https:\/\/nexonixprofit.com\/it\/licenze\/","title":{"rendered":"Licenze"},"content":{"rendered":"\n<div class=\"main-wrapper\">\n    \n    <main class=\"content\">\n      <div class=\"why-section\">\n        <div class=\"container w-container\">\n          <h2>Registrazioni e autorizzazioni di Nexonix Profit in Svizzera<\/h2>\n          <br\/>\t\t  <div class=\"table-wrapper\">\n\t\t\t  <table>\n\t\t\t\t<tr>\n\t\t\t\t\t<th><strong>Responsabilit\u00e0<\/strong><\/th>\n\t\t\t\t\t<th><strong>Autorizzazione \/ Registrazione<\/strong><\/th>\n\t\t\t\t\t<th><strong>Autorit\u00e0 di vigilanza<\/strong><\/th>\n\t\t\t\t<\/tr>\n\t\t\t\t<tr>\n\t\t\t\t\t<td><strong>Livello federale (Svizzera)<\/strong><\/td>\n\t\t\t\t\t<td>Autorizzazione come intermediario finanziario in conformit\u00e0 con la legge antiriciclaggio (AMLA)<\/td>\n\t\t\t\t\t<td><strong>FINMA &#8211; Autorit\u00e0 svizzera di vigilanza sui mercati finanziari<\/strong>, Berna<\/td>\n\t\t\t\t<\/tr>\n\t\t\t\t<tr>\n\t\t\t\t\t<td><strong>Conformit\u00e0 antiriciclaggio<\/strong><\/td>\n\t\t\t\t\t<td>Adesione a un organismo di autoregolamentazione (OAD) riconosciuto per l&#8217;adempimento degli obblighi AMLA<\/td>\n\t\t\t\t\t<td>OAD riconosciuto dalla <strong>FINMA<\/strong> <\/td> \n\t\t\t\t<\/tr>\n\t\t\t\t<tr>\n\t\t\t\t\t<td><strong>Attivit\u00e0 bancaria<\/strong><\/td>\n\t\t\t\t\t<td>Licenza bancaria per l&#8217;accettazione di depositi e la custodia dei fondi dei clienti<\/td>\n\t\t\t\t\t<td><strong>FINMA &#8211; Vigilanza bancaria<\/strong>, Berna<\/td>\n\t\t\t\t<\/tr>\n\t\t\t\t<tr>\n\t\t\t\t\t<td><strong>Titoli e derivati<\/strong><\/td>\n\t\t\t\t\t<td>Autorizzazione come commerciante di titoli o piattaforma di trading<\/td>\n\t\t\t\t\t<td><strong>FINMA &#8211; Supervisione del mercato<\/strong>, Berna<\/td>\n\t\t\t\t<\/tr>\n\t\t\t\t<tr>\n\t\t\t\t\t<td><strong>Servizi finanziari (FIDLEG \/ FINIG)<\/strong><\/td>\n\t\t\t\t\t<td>Autorizzazione ai sensi della legge sui servizi finanziari (FinSA) e della legge sulle istituzioni finanziarie (FinIA) per la consulenza sugli investimenti e la gestione patrimoniale.<\/td>\n\t\t\t\t\t<td><strong>FINMA<\/strong>, Berna<\/td>\n\t\t\t\t<\/tr>\n\t\t\t\t<tr>\n\t\t\t\t\t<td><strong>Borse e piattaforme di trading<\/strong><\/td>\n\t\t\t\t\t<td>Registrazione come sede di negoziazione organizzata<\/td>\n\t\t\t\t\t<td><strong>SIX Swiss Exchange Regulation<\/strong>, Zurigo (sotto la supervisione della FINMA)<\/td>\n\t\t\t\t<\/tr>\n\t\t\t\t<tr>\n\t\t\t\t\t<td><strong>Requisiti cantonali<\/strong><\/td>\n\t\t\t\t\t<td>Iscrizione nel registro delle imprese e registrazione fiscale nei rispettivi cantoni<\/td>\n\t\t\t\t\t<td><strong>Uffici<\/strong> locali <strong>del registro delle imprese dei cantoni<\/strong><\/td>\n\t\t\t\t<\/tr>\n\t\t\t  <\/table>\n\t\t  <\/div>\n<br\/><br\/>        <\/div>\n      <\/div>\n    <\/main>\n    <div class=\"sticky-btn-wrap\">\n      <a href=\"#formTop\" class=\"btn sticky-btn anchor-js w-button\">Inizia a fare trading oggi stesso<\/a>\n    <\/div>\n    <footer class=\"footer\">\n      <div class=\"container w-container\">\n        <div class=\"footer-cols\">\n          <div class=\"footer-col fc-1\">\n            <a href=\"\/\" class=\"footer-logo w-inline-block\">\n              <img decoding=\"async\" src=\"https:\/\/nexonixprofit.com\/wp-content\/uploads\/2024\/08\/nexonix-profit-high-resolution-logo-transparent-1-1.png\" width=\"Auto\" alt=\"Nexonix Profit - Assicurati vantaggi esclusivi con il tuo conto Nexonix Profit gratuito  \" height=\"50\" class=\"footer-img\"\/>\n            <\/a>\n          <\/div>\n          <div class=\"footer-col fc-2\">\n            <div class=\"footer-nav-list\">\n              <div class=\"footer-nav-item\">\n                <a href=\"https:\/\/nexonixprofit.com\/it\/chi-siamo\/\" class=\"footer-nav-link\">Chi siamo<\/a>\n              <\/div>\n              <div class=\"footer-nav-item\">\n                <a href=\"https:\/\/nexonixprofit.com\/terms\/\" class=\"footer-nav-link\">Termini e condizioni<\/a>\n              <\/div>\n              <div class=\"footer-nav-item\">\n                <a href=\"https:\/\/nexonixprofit.com\/policy\/\" class=\"footer-nav-link\">Normativa sulla protezione dei dati<\/a>\n              <\/div>\n              <div class=\"footer-nav-item\">\n                <a href=\"https:\/\/nexonixprofit.com\/it\/contattaci\/\" class=\"footer-nav-link\">Mettiti in contatto con noi<\/a>\n              <\/div>\n              <div class=\"footer-nav-item\">\n                <div class=\"copyright\"><span class=\"year\">@2024<\/span>\n<\/div>\n              <\/div>\n            <\/div>\n          <\/div>\n        <\/div>\n        <div class=\"footer-disclaimer\">AVVISO DI ALTO RISCHIO: il trading di forex, CFD e criptovalute \u00e8 altamente speculativo, comporta un livello di rischio non trascurabile e potrebbe non essere adatto a tutti gli investitori.\nPotresti perdere parte o tutto il capitale investito. Pertanto, non dovresti speculare con un capitale che non puoi permetterti di perdere.\nTi invitiamo a leggere le avvertenze sui rischi riportate di seguito.\nNexonix Profit non trae alcun profitto o perdita dalle tue attivit\u00e0 e opera come societ\u00e0 di servizi.\nNexonix Profit non \u00e8 una societ\u00e0 di servizi finanziari e non \u00e8 autorizzata a fornire consulenza finanziaria.\nPertanto, Nexonix Profit non \u00e8 responsabile per eventuali perdite subite attraverso o in relazione a questo sito web informativo.   <br\/><br\/>  INFORMATIVA SUI RISCHI DEL SITO: Nexonix Profit declina ogni responsabilit\u00e0 per qualsiasi perdita o danno derivante dall&#8217;aver fatto affidamento sulle informazioni contenute in questo sito web, incluso il materiale didattico, le quotazioni dei prezzi, i grafici e le analisi.\nSii consapevole dei rischi connessi al trading sui mercati finanziari e chiedi una consulenza professionale; non investire mai pi\u00f9 denaro di quanto puoi permetterti di perdere.\nI rischi associati al forex, ai CFD e alle criptovalute potrebbero non essere adatti a tutti gli investitori.\nNexonix Profit non si assume alcuna responsabilit\u00e0 per le perdite di trading che potresti subire in seguito all&#8217;utilizzo o alla deduzione dei dati forniti su questo sito.  <br\/><br\/>  RESTRIZIONI LEGALI: Senza limitare quanto sopra, l&#8217;utente \u00e8 consapevole che le leggi relative alle attivit\u00e0 finanziarie variano in tutto il mondo ed \u00e8 sua responsabilit\u00e0 assicurarsi di rispettare correttamente le leggi, i regolamenti o le direttive del suo paese di residenza in merito all&#8217;uso del Sito web.\nA scanso di equivoci, la possibilit\u00e0 di accedere al nostro Sito non significa necessariamente che i nostri servizi e\/o le tue attivit\u00e0 attraverso il Sito siano legali ai sensi delle leggi, dei regolamenti o delle politiche del tuo paese di residenza.\n\u00c8 contro la legge sollecitare persone statunitensi ad acquistare e vendere opzioni su materie prime, anche se sono etichettate come contratti di &#8220;previsione&#8221;, a meno che non siano ammesse alla negoziazione e negoziate in una borsa registrata dalla CFTC, a meno che non siano esenti per legge.\nLa Financial Conduct Authority del Regno Unito ha emesso una dichiarazione politica PS20\/10 che vieta la vendita, la pubblicit\u00e0 e la distribuzione di CFD su cripto-asset.\nVieta la distribuzione di materiale di marketing relativo alla vendita di CFD e altri prodotti finanziari basati sulle criptovalute ai residenti del Regno Unito.\nLa fornitura di servizi di trading in relazione agli strumenti finanziari MiFID II \u00e8 vietata nell&#8217;UE a meno che non sia autorizzata\/licenziata dalle autorit\u00e0 competenti e\/o dalle autorit\u00e0 di regolamentazione.\nTieni presente che potremmo ricevere commissioni pubblicitarie per gli utenti che scelgono di aprire un account con i nostri partner pubblicitari attraverso i siti web di questi ultimi.\nAbbiamo inserito dei cookie nel tuo computer per migliorare la tua visita a questo sito web.\nPuoi modificare le impostazioni dei cookie sul tuo computer in qualsiasi momento.\nUtilizzando questo sito web, dichiari di essere d&#8217;accordo con questo sito.  <br\/><br\/>  Si prega di notare che i nomi visualizzati sul nostro sito web, incluso ma non limitato a Nexonix Profit , sono solo per scopi di marketing e illustrativi. Questi nomi non rappresentano o implicano l&#8217;esistenza di alcuna societ\u00e0, fornitore di servizi o persona reale. Inoltre, le immagini e\/o i video mostrati sul nostro sito web sono di natura puramente promozionale e presentano attori professionisti. Questi attori non sono utenti, clienti o commercianti reali e le loro rappresentazioni non devono essere interpretate come approvazioni o rappresentazioni di esperienze reali. Tutti i contenuti hanno uno scopo puramente illustrativo e non devono essere interpretati come una dichiarazione di fatto o la formazione di un rapporto legalmente vincolante.      <\/div>\n      <\/div>\n    <\/footer>\n  <\/div>\n  \n  \n<style>\n.table-wrapper {\n\toverflow: auto;\n}\n\n.table-wrapper table {\n\tmin-width: 767px;\n}\n\n.video-reviews-section {\n  padding-top: 54px;\n  padding-bottom: 54px;\n}\n\n.video-reviews {\n  display: flex;\n  flex-wrap: wrap;\n  gap: 24px;\n}  \n  \n.card-video-review {\n  width: calc(33.3% - 16px);\n  position: relative;\n  display: flex;\n  flex-direction: column;\n  gap: 10px;\n}\n\n.card-video-review__title {\n  font-size: 16px;\n  color: #0D0C43;\n  line-height: 24px;\n  font-weight: 600;\n  text-align: left;\n  margin-bottom: 4px;\n}\n\n.card-video-review p {\n  font-size: 15px;\n  color: #7A7998;\n  line-height: 20px;\n  font-weight: 400;\n  letter-spacing: 0.3px;\n} \n\n.card-video-review__bottom {\n  display: flex;\n  align-items: center;\n  gap: 24px;\n}\n\n.card-video-review__user {\n  display: flex;\n  align-items: center;\n  gap: 6px;\n  font-size: 14px;\n  color: #7A7998;\n  line-height: 22px;\n}\n\n.card-video-review__date {\n  display: flex;\n  align-items: center;\n  gap: 6px;\n  font-size: 14px;\n  color: #7A7998;\n  line-height: 22px;\n}\n\n\n@media (max-width: 1200px) { \n  .card-video-review {\n    width: calc(50% - 12px);\n  }\n}\n\n\n@media (max-width: 767px) { \n  .card-video-review {\n    width: 100%;\n  }\n}\n  \n<\/style>\n","protected":false},"excerpt":{"rendered":"<p>Registrazioni e autorizzazioni di Nexonix Profit in Svizzera Responsabilit\u00e0 Autorizzazione \/ Registrazione Autorit\u00e0 di vigilanza&hellip;<\/p>\n","protected":false},"author":1,"featured_media":0,"parent":0,"menu_order":0,"comment_status":"closed","ping_status":"closed","template":"","meta":{"_acf_changed":false,"_monsterinsights_skip_tracking":false,"_monsterinsights_sitenote_active":false,"_monsterinsights_sitenote_note":"","_monsterinsights_sitenote_category":0,"footnotes":""},"class_list":["post-841","page","type-page","status-publish","hentry"],"acf":[],"_links":{"self":[{"href":"https:\/\/nexonixprofit.com\/it\/wp-json\/wp\/v2\/pages\/841"}],"collection":[{"href":"https:\/\/nexonixprofit.com\/it\/wp-json\/wp\/v2\/pages"}],"about":[{"href":"https:\/\/nexonixprofit.com\/it\/wp-json\/wp\/v2\/types\/page"}],"author":[{"embeddable":true,"href":"https:\/\/nexonixprofit.com\/it\/wp-json\/wp\/v2\/users\/1"}],"replies":[{"embeddable":true,"href":"https:\/\/nexonixprofit.com\/it\/wp-json\/wp\/v2\/comments?post=841"}],"version-history":[{"count":3,"href":"https:\/\/nexonixprofit.com\/it\/wp-json\/wp\/v2\/pages\/841\/revisions"}],"predecessor-version":[{"id":850,"href":"https:\/\/nexonixprofit.com\/it\/wp-json\/wp\/v2\/pages\/841\/revisions\/850"}],"wp:attachment":[{"href":"https:\/\/nexonixprofit.com\/it\/wp-json\/wp\/v2\/media?parent=841"}],"curies":[{"name":"wp","href":"https:\/\/api.w.org\/{rel}","templated":true}]}}