{"id":167,"date":"2024-08-21T08:55:43","date_gmt":"2024-08-21T08:55:43","guid":{"rendered":"https:\/\/nexonixprofit.com\/om-oss\/"},"modified":"2024-08-21T13:28:03","modified_gmt":"2024-08-21T13:28:03","slug":"om-oss","status":"publish","type":"page","link":"https:\/\/nexonixprofit.com\/no\/om-oss\/","title":{"rendered":"Om oss"},"content":{"rendered":"\n<div class=\"main-wrapper\">\n    \n\t <main class=\"content abt\">\n      <div class=\"intro-section\">\n        <div class=\"container w-container\">\n          <h1 class=\"intro-title abt\">Om Nexonix Profit  <br\/>\n<\/h1>\n        <\/div>\n      <\/div>\n      <div class=\"what-section\">\n        <div class=\"container w-container\">\n          <div class=\"cols what-cols\">\n            <div class=\"col-50 what-text-col\">\n              <h2 class=\"title what-title\">Hva er Nexonix Profit-programvaren?<br\/>\n<\/h2>\n              <p class=\"p what-p\">Bitcoin, som f\u00f8rst ble introdusert i 2009, og senere andre kryptovalutaer, har endret det globale finanslandskapet i l\u00f8pet av det siste ti\u00e5ret.\nBitcoins fremvekst var interessant, ettersom den kom da verden hadde et skrikende behov for \u00f8konomisk velstand, etter den globale finanskrisen for\u00e5rsaket av dereguleringspolitikken i USA. <br\/>\n<br\/>  Kryptovalutaer er desentraliserte, tillitsl\u00f8se, transparente, grensel\u00f8se, verifiserbare, men pseudonyme.\nDisse egenskapene viste seg \u00e5 v\u00e6re et stort l\u00f8fte.\nMen midt under finanskrisen var det bare noen f\u00e5 investorer som tok sjansen p\u00e5 \u00e5 hoppe p\u00e5 vognen.\nDe tidlige investorene trodde p\u00e5 kryptodr\u00f8mmen, stemplet den som fremtidens penger og hadde sterk tro p\u00e5 den underliggende blokkjedeteknologien.   <br\/>\n<br\/>  Bitcoins oppgang var fantastisk, fra under 1 dollar til toppen p\u00e5 20 000 dollar, mens hele verden fulgte med.\nP\u00e5 det tidspunktet var kryptovalutaer ikke bare en form for penger, men de fungerte ogs\u00e5 som en utmerket verdioppbevaring for investorer.\nDe som var tidlig ute med \u00e5 tro p\u00e5 denne fantastiske muligheten, tjente penger, mens andre investorer fulgte kryptomarkedet mer n\u00f8ye.\nSiden den gang har det dukket opp en rekke andre kryptovalutaer, og investorene er p\u00e5 utkikk etter den neste Bitcoin   <\/p>\n              <p class=\"p what-p\">Denne strategien var feilsl\u00e5tt, ettersom kryptoprisene har v\u00e6rt volatile.\nDe p\u00e5f\u00f8lgende oppgangene n\u00e5dde ikke de tidligere toppniv\u00e5ene som ble opplevd i l\u00f8pet av bransjens f\u00f8rste ti\u00e5r.\nBitcoin og andre kryptoer har imidlertid hatt sin beste volatilitet n\u00e5r det gjelder kvalitet og pris.\nVolatilitet er det viktigste innen handel og spekulasjon, ettersom tradere tjener mer penger p\u00e5 prisendringene.\nMed kryptovalutaer kan du v\u00e6re sikker p\u00e5 volatile priser 24\/7.    <br\/>\n<br\/>  Til tross for det er volatilitet ikke en spasertur i parken.\nDette er grunnen til at vi skapte Nexonix Profit .\nDen automatiserte programvaren for kryptohandel gj\u00f8r det mulig for investorer p\u00e5 alle niv\u00e5er \u00e5 utnytte de unike mulighetene innen kryptomarkedet.\nProgramvaren bruker de beste strategiene for dagshandel ved hjelp av unik fintech-teknologi for \u00e5 handle Bitcoin og andre kryptoer.\nSom et resultat av dette s\u00f8rger den for at Nexonix Profit-medlemmer tjener penger hver dag i uken.\nBli en del av v\u00e5rt tradingfellesskap i dag, og f\u00e5 en bit av kryptokaken.     <br\/>\n<br\/>  Begynn \u00e5 tjene store penger hver dag ved hjelp av Nexonix Profit!<\/p>\n              <div class=\"what-btn-wrap\">\n                <a href=\"#formTop\" class=\"btn what-btn w-button\"><\/a><a href=\"#formTop\">UTFORSK DET BANEBRYTENDE Nexonix Profit-fellesskapet N\u00c5<\/a>\n              <\/div>\n            <\/div>\n            <div class=\"col-50 what-img-col\">\n              <div class=\"what-img-wrap\"><img decoding=\"async\" src=\"https:\/\/nexonixprofit.com\/wp-content\/uploads\/2024\/08\/scam.webp\" sizes=\"(max-width: 479px) 100vw, (max-width: 767px) 58vw, (max-width: 991px) 39vw, 34vw\" srcset=\"https:\/\/nexonixprofit.com\/wp-content\/uploads\/2024\/08\/what-p-500.webp 500w, https:\/\/nexonixprofit.com\/wp-content\/uploads\/2024\/08\/what.webp 699w\" alt=\"Nexonix Profit - Hva er Nexonix Profit-programvaren?\" class=\"what-img\"\/><\/div>\n            <\/div>\n          <\/div>\n        <\/div>\n      <\/div>\n      <div class=\"team-section\">\n        <div class=\"container w-container\">\n          <div class=\"cols\">\n            <div class=\"col-50 team-img-col\">\n              <div class=\"team-img-wrap\"><img decoding=\"async\" src=\"https:\/\/nexonixprofit.com\/wp-content\/uploads\/2024\/08\/scam.webp\" sizes=\"(max-width: 479px) 100vw, (max-width: 991px) 30vw, 40vw\" srcset=\"https:\/\/nexonixprofit.com\/wp-content\/uploads\/2024\/08\/scam.webp 500w, https:\/\/nexonixprofit.com\/wp-content\/uploads\/2024\/08\/scam.webp 800w, https:\/\/nexonixprofit.com\/wp-content\/uploads\/2024\/08\/scam.webp 869w\" alt=\"Nexonix Profit - Nexonix Profit-teamet\" class=\"team-img radi\"\/><\/div>\n            <\/div>\n            <div class=\"col-50 text-col\">\n              <h2 class=\"title team-title\">Nexonix Profit-teamet<br\/>\n<\/h2>\n              <p class=\"p team-p\">\u00d8nsket om \u00e5 hjelpe s\u00e5 mange tradere og investorer som mulig med \u00e5 tjene penger p\u00e5 kryptovalutahandel f\u00f8rte til at grunnleggerne av Nexonix Profit utviklet en programvare for automatisert handel med kryptovaluta.\nDeres ulike yrkesbakgrunner kom til nytte da de bidro til \u00e5 utvikle verdens beste handelsprogramvare.\nTeamet best\u00e5r av erfarne finanshandlere, karriere\u00f8konomer, matematikere og ledende utviklere.  <br\/>\n<br\/>  Betatestfasen av Nexonix Profit-programvaren var en suksess.\nB\u00e5de nybegynnere og erfarne investorer ble oppfordret til \u00e5 delta, og resultatene var imponerende og vellykkede.\nNexonix Profit ble lansert for publikum i en begrenset periode.\nN\u00e5 kan du v\u00e6re en del av fellesskapet og bruke kunnskapen til v\u00e5r tids ledende finanshandlere gratis for \u00e5 tjene passiv inntekt hver dag.   <\/p>\n              <div class=\"team-btn-wrap\">\n                <a href=\"#formTop\" class=\"btn white-btn w-button\"><\/a><a href=\"#formTop\">REGISTRER DEG FOR EN GRATIS Nexonix Profit TRADING-KONTO<\/a>\n              <\/div>\n            <\/div>\n          <\/div>\n        <\/div>\n      <\/div>\n    <\/main>\n    \n    <div class=\"sticky-btn-wrap\">\n      <a href=\"#formTop\" class=\"btn sticky-btn anchor-js w-button\">Begynn \u00e5 handle i dag<\/a>\n    <\/div>\n    <footer class=\"footer\">\n      <div class=\"container w-container\">\n        <div class=\"footer-cols\">\n          <div class=\"footer-col fc-1\">\n            <a href=\"\/\" class=\"footer-logo w-inline-block\">\n              <img decoding=\"async\" src=\"https:\/\/nexonixprofit.com\/wp-content\/uploads\/2024\/08\/nexonix-profit-high-resolution-logo-transparent-1-1.png\" width=\"Auto\" alt=\"Nexonix Profit - F\u00e5 eksklusive fordeler med din gratis Nexonix Profit-konto  \" height=\"50\" class=\"footer-img\"\/>\n            <\/a>\n          <\/div>\n          <div class=\"footer-col fc-2\">\n            <div class=\"footer-nav-list\">\n              <div class=\"footer-nav-item\">\n                <a href=\"https:\/\/nexonixprofit.com\/no\/om-oss\/\" class=\"footer-nav-link\">Om oss<\/a>\n              <\/div>\n              <div class=\"footer-nav-item\">\n                <a href=\"https:\/\/nexonixprofit.com\/terms\/\" class=\"footer-nav-link\">Vilk\u00e5r og betingelser<\/a>\n              <\/div>\n              <div class=\"footer-nav-item\">\n                <a href=\"https:\/\/nexonixprofit.com\/policy\/\" class=\"footer-nav-link\">Retningslinjer for personvern<\/a>\n              <\/div>\n              <div class=\"footer-nav-item\">\n                <a href=\"https:\/\/nexonixprofit.com\/no\/kontakt-oss\/\" class=\"footer-nav-link\">Kontakt oss<\/a>\n              <\/div>\n              <div class=\"footer-nav-item\">\n                <div class=\"copyright\"><span class=\"year\">@2024<\/span>\n<\/div>\n              <\/div>\n            <\/div>\n          <\/div>\n        <\/div>\n        <div class=\"footer-disclaimer\">ADVARSEL OM H\u00d8Y RISIKO: Handel med valuta, CFD-er og kryptovaluta er sv\u00e6rt spekulativt, inneb\u00e6rer en ikke ubetydelig risiko og er kanskje ikke egnet for alle investorer.\nDu kan tape hele eller deler av din investerte kapital, og du b\u00f8r derfor ikke spekulere med kapital du ikke har r\u00e5d til \u00e5 tape.\nVennligst se risikoopplysningene nedenfor.\nNexonix Profit tjener eller taper ikke fortjeneste basert p\u00e5 din aktivitet, og drives som et serviceselskap.\nNexonix Profit er ikke et finansforetak og er ikke kvalifisert til \u00e5 gi finansiell r\u00e5dgivning.\nNexonix Profit er derfor ikke ansvarlig for eventuelle tap som oppst\u00e5r via eller i forbindelse med dette informasjonsnettstedet.     <br\/>\n<br\/>  OPPLYSNING OM NETTSTEDETS RISIKO: Nexonix Profit p\u00e5tar seg ikke noe ansvar for tap eller skade som f\u00f8lge av at du stoler p\u00e5 informasjonen p\u00e5 dette nettstedet; dette inkluderer undervisningsmateriell, kursnoteringer, diagrammer og analyser.\nV\u00e6r oppmerksom p\u00e5 og s\u00f8k profesjonell r\u00e5dgivning om risikoen forbundet med handel i finansmarkedene; invester aldri mer penger enn du kan risikere \u00e5 tape.\nRisikoen forbundet med valuta, CFD-er og kryptovaluta er kanskje ikke egnet for alle investorer.\nNexonix Profit p\u00e5tar seg ikke ansvar for eventuelle handelstap du m\u00e5tte lide som f\u00f8lge av bruk av eller utledning fra dataene p\u00e5 dette nettstedet.   <br\/>\n<br\/>  JURIDISKE BEGRENSNINGER: Uten \u00e5 begrense de ovennevnte bestemmelsene, forst\u00e5r du at lovene om finansielle aktiviteter varierer over hele verden, og det er ditt ansvar \u00e5 s\u00f8rge for at du overholder alle lover, forskrifter eller retningslinjer i ditt bostedsland n\u00e5r det gjelder bruk av Nettstedet.\nFor \u00e5 unng\u00e5 enhver tvil, betyr ikke muligheten til \u00e5 f\u00e5 tilgang til nettstedet v\u00e5rt n\u00f8dvendigvis at v\u00e5re tjenester og\/eller dine aktiviteter via nettstedet er lovlige i henhold til lover, forskrifter eller direktiver som er relevante for ditt bostedsland.\nDet er ulovlig \u00e5 oppfordre amerikanske privatpersoner til \u00e5 kj\u00f8pe og selge r\u00e5vareopsjoner, selv om de kalles &laquo;prediksjonskontrakter&raquo;, med mindre de er notert for handel og omsettes p\u00e5 en CFTC-registrert b\u00f8rs, med mindre de er unntatt ved lov.\nFinancial Conduct Authority i Storbritannia har utstedt en policyuttalelse PS20\/10, som forbyr salg, markedsf\u00f8ring og distribusjon av CFD-er p\u00e5 kryptoaktiva.\nDen forbyr spredning av markedsf\u00f8ringsmateriell knyttet til distribusjon av CFD-er og andre finansielle produkter basert p\u00e5 kryptovalutaer som er rettet mot innbyggere i Storbritannia.\nDet er forbudt \u00e5 tilby handelstjenester som involverer finansielle instrumenter i henhold til MiFID II i EU, med mindre de er autorisert\/lisensiert av gjeldende myndigheter og\/eller regulator(er).\nV\u00e6r oppmerksom p\u00e5 at vi kan motta annonseringsgebyrer for brukere som velger \u00e5 \u00e5pne en konto hos v\u00e5re partnerannons\u00f8rer via annons\u00f8renes nettsteder.\nVi har plassert informasjonskapsler p\u00e5 datamaskinen din for \u00e5 forbedre opplevelsen din n\u00e5r du bes\u00f8ker dette nettstedet.\nDu kan n\u00e5r som helst endre innstillingene for informasjonskapsler p\u00e5 datamaskinen din.\nBruk av dette nettstedet indikerer at du godtar dette nettstedet.         <br\/>\n<br\/>  Vi gj\u00f8r oppmerksom p\u00e5 at navnene p\u00e5 nettstedet v\u00e5rt, inkludert, men ikke begrenset til, Nexonix Profit , kun brukes i markedsf\u00f8rings\u00f8yemed og til illustrasjonsform\u00e5l.\nDisse navnene representerer eller antyder ikke eksistensen av spesifikke enheter, tjenesteleverand\u00f8rer eller virkelige personer.\nVidere er bildene og\/eller videoene som presenteres p\u00e5 nettstedet v\u00e5rt av rent salgsfremmende art, og de inneholder profesjonelle skuespillere.\nDisse skuespillerne er ikke faktiske brukere, kunder eller tradere, og deres skildringer skal ikke tolkes som anbefalinger eller representasjoner av virkelige opplevelser.\nAlt innhold er kun ment for illustrasjonsform\u00e5l og skal ikke tolkes som fakta eller som et juridisk bindende forhold.    <\/div>\n      <\/div>\n    <\/footer>\n  <\/div>\n","protected":false},"excerpt":{"rendered":"<p>Om Nexonix Profit Hva er Nexonix Profit-programvaren? Bitcoin, som f\u00f8rst ble introdusert i 2009, og&hellip;<\/p>\n","protected":false},"author":1,"featured_media":0,"parent":0,"menu_order":0,"comment_status":"closed","ping_status":"closed","template":"","meta":{"_acf_changed":false,"_monsterinsights_skip_tracking":false,"_monsterinsights_sitenote_active":false,"_monsterinsights_sitenote_note":"","_monsterinsights_sitenote_category":0,"footnotes":""},"class_list":["post-167","page","type-page","status-publish","hentry"],"acf":[],"_links":{"self":[{"href":"https:\/\/nexonixprofit.com\/no\/wp-json\/wp\/v2\/pages\/167"}],"collection":[{"href":"https:\/\/nexonixprofit.com\/no\/wp-json\/wp\/v2\/pages"}],"about":[{"href":"https:\/\/nexonixprofit.com\/no\/wp-json\/wp\/v2\/types\/page"}],"author":[{"embeddable":true,"href":"https:\/\/nexonixprofit.com\/no\/wp-json\/wp\/v2\/users\/1"}],"replies":[{"embeddable":true,"href":"https:\/\/nexonixprofit.com\/no\/wp-json\/wp\/v2\/comments?post=167"}],"version-history":[{"count":1,"href":"https:\/\/nexonixprofit.com\/no\/wp-json\/wp\/v2\/pages\/167\/revisions"}],"predecessor-version":[{"id":170,"href":"https:\/\/nexonixprofit.com\/no\/wp-json\/wp\/v2\/pages\/167\/revisions\/170"}],"wp:attachment":[{"href":"https:\/\/nexonixprofit.com\/no\/wp-json\/wp\/v2\/media?parent=167"}],"curies":[{"name":"wp","href":"https:\/\/api.w.org\/{rel}","templated":true}]}}