{"id":159,"date":"2024-08-21T08:55:43","date_gmt":"2024-08-21T08:55:43","guid":{"rendered":"https:\/\/nexonixprofit.com\/om-oss\/"},"modified":"2024-08-21T13:28:03","modified_gmt":"2024-08-21T13:28:03","slug":"om-oss","status":"publish","type":"page","link":"https:\/\/nexonixprofit.com\/sv\/om-oss\/","title":{"rendered":"Om oss"},"content":{"rendered":"\n<div class=\"main-wrapper\">\n    \n\t <main class=\"content abt\">\n      <div class=\"intro-section\">\n        <div class=\"container w-container\">\n          <h1 class=\"intro-title abt\">Om Nexonix Profit  <br\/>\n<\/h1>\n        <\/div>\n      <\/div>\n      <div class=\"what-section\">\n        <div class=\"container w-container\">\n          <div class=\"cols what-cols\">\n            <div class=\"col-50 what-text-col\">\n              <h2 class=\"title what-title\">Vad \u00e4r Nexonix Profit-programvaran?<br\/>\n<\/h2>\n              <p class=\"p what-p\">Bitcoin, som f\u00f6rst introducerades 2009, och d\u00e4refter andra kryptovalutor, har f\u00f6r\u00e4ndrat det globala finansiella landskapet under det senaste decenniet.\nBitcoins uppkomst var intressant eftersom den kom n\u00e4r v\u00e4rlden var i stort behov av finansiellt v\u00e4lst\u00e5nd, efter den globala finanskrisen som orsakades av avregleringspolitiken i USA. <br\/>\n<br\/>  Kryptovalutor, som \u00e4r digitala peer-to-peer-valutor, \u00e4r decentraliserade, f\u00f6rtroendefria, transparenta, gr\u00e4nsl\u00f6sa, verifierbara men pseudonyma.\nDessa egenskaper visade sig vara ett stort l\u00f6fte.\nMen mitt under finanskrisen var det bara ett f\u00e5tal investerare som tog risken att hoppa p\u00e5 t\u00e5get.\nDe tidiga investerarna trodde p\u00e5 kryptodr\u00f6mmen, betecknade den som pengarnas framtid och hade en stark tro p\u00e5 den underliggande blockkedjetekniken.   <br\/>\n<br\/>  Bitcoins uppg\u00e5ng var fantastisk och b\u00f6rjade under 1 dollar och n\u00e5dde sin topp p\u00e5 20 000 dollar, med hela v\u00e4rlden som \u00e5sk\u00e5dare.\nVid det laget var kryptovalutor inte bara en form av pengar utan de fungerade ocks\u00e5 som en utm\u00e4rkt v\u00e4rdebevarare f\u00f6r investerare.\nTidiga investerare tog vara p\u00e5 denna fantastiska m\u00f6jlighet, medan andra investerare f\u00f6ljde kryptomarknaden mer noggrant.\nSedan dess har m\u00e5nga andra kryptovalutor dykt upp, och investerarna \u00e4r ivrigt p\u00e5 jakt efter n\u00e4sta Bitcoin   <\/p>\n              <p class=\"p what-p\">Den strategin var bristf\u00e4llig, eftersom kryptopriserna har varit volatila.\nDe efterf\u00f6ljande uppg\u00e5ngarna lyckades inte n\u00e5 de tidigare topparna som upplevdes under branschens f\u00f6rsta \u00e5rtionde.\nBitcoin och andra kryptovalutor uppvisade dock sin b\u00e4sta kvalitet &#8211; prisvolatilitet.\nInom handel och spekulation \u00e4r det volatiliteten som styr, eftersom handlarna tj\u00e4nar mer pengar p\u00e5 prisf\u00f6r\u00e4ndringarna.\nMed kryptovalutor kan du vara s\u00e4ker p\u00e5 volatila priser 24\/7.    <br\/>\n<br\/>  Trots det \u00e4r volatilitet inte en promenad i parken.\nS\u00e5ledes anledningen till att vi skapade Nexonix Profit .\nDen automatiserade programvaran f\u00f6r kryptohandel g\u00f6r det m\u00f6jligt f\u00f6r investerare p\u00e5 alla niv\u00e5er att utnyttja de unika m\u00f6jligheterna inom kryptoutrymmet.\nProgramvaran distribuerar de b\u00e4sta dagshandelsstrategierna med unik fintech-teknik f\u00f6r att handla Bitcoin och andra kryptor.\nSom ett resultat av detta s\u00e4kerst\u00e4ller det att Nexonix Profit-medlemmar tj\u00e4nar vinster varje dag i veckan.\nBli en del av v\u00e5r handelsgemenskap idag och f\u00e5 en bit av kryptokakan.     <br\/>\n<br\/>  B\u00f6rja g\u00f6ra stora vinster dagligen med hj\u00e4lp av Nexonix Profit!<\/p>\n              <div class=\"what-btn-wrap\">\n                <a href=\"#formTop\" class=\"btn what-btn w-button\"><\/a><a href=\"#formTop\">Utforska den banbrytande Nexonix Profit-kommuniteten nu<\/a>\n              <\/div>\n            <\/div>\n            <div class=\"col-50 what-img-col\">\n              <div class=\"what-img-wrap\"><img decoding=\"async\" src=\"https:\/\/nexonixprofit.com\/wp-content\/uploads\/2024\/08\/scam.webp\" sizes=\"(max-width: 479px) 100vw, (max-width: 767px) 58vw, (max-width: 991px) 39vw, 34vw\" srcset=\"https:\/\/nexonixprofit.com\/wp-content\/uploads\/2024\/08\/what-p-500.webp 500w, https:\/\/nexonixprofit.com\/wp-content\/uploads\/2024\/08\/what.webp 699w\" alt=\"Nexonix Profit - Vad \u00e4r programvaran Nexonix Profit?\" class=\"what-img\"\/><\/div>\n            <\/div>\n          <\/div>\n        <\/div>\n      <\/div>\n      <div class=\"team-section\">\n        <div class=\"container w-container\">\n          <div class=\"cols\">\n            <div class=\"col-50 team-img-col\">\n              <div class=\"team-img-wrap\"><img decoding=\"async\" src=\"https:\/\/nexonixprofit.com\/wp-content\/uploads\/2024\/08\/scam.webp\" sizes=\"(max-width: 479px) 100vw, (max-width: 991px) 30vw, 40vw\" srcset=\"https:\/\/nexonixprofit.com\/wp-content\/uploads\/2024\/08\/scam.webp 500w, https:\/\/nexonixprofit.com\/wp-content\/uploads\/2024\/08\/scam.webp 800w, https:\/\/nexonixprofit.com\/wp-content\/uploads\/2024\/08\/scam.webp 869w\" alt=\"Nexonix Profit - Nexonix Profit Team\" class=\"team-img radi\"\/><\/div>\n            <\/div>\n            <div class=\"col-50 text-col\">\n              <h2 class=\"title team-title\">Nexonix vinstteam<br\/>\n<\/h2>\n              <p class=\"p team-p\">\u00d6nskan att hj\u00e4lpa s\u00e5 m\u00e5nga handlare och investerare som m\u00f6jligt att tj\u00e4na pengar via kryptovalutahandel ledde till att Nexonix Profit-grundarna utvecklade en automatiserad handelsprogramvara f\u00f6r kryptos.\nDeras olika professionella bakgrunder anv\u00e4ndes till god anv\u00e4ndning n\u00e4r de bidrog till att utveckla v\u00e4rldens b\u00e4sta handelsprogramvara.\nTeamet best\u00e5r av veteranfinansiella handlare, karri\u00e4rsekonomer, matematiker och ledande utvecklare.  <br\/>\n<br\/>  Betatestfasen f\u00f6r Nexonix Profit-programvaran var en framg\u00e5ng.\nB\u00e5de nyb\u00f6rjare och erfarna investerare kallades f\u00f6r att delta, och resultaten var imponerande och framg\u00e5ngsrika.\nNexonix Profit lanserades f\u00f6r allm\u00e4nheten under en begr\u00e4nsad period.\nNu kan du vara en del av samh\u00e4llet och anv\u00e4nda kunskapen fr\u00e5n de ledande finansiella handlarna i v\u00e5r tid gratis f\u00f6r att tj\u00e4na passiva inkomster dagligen.   <\/p>\n              <div class=\"team-btn-wrap\">\n                <a href=\"#formTop\" class=\"btn white-btn w-button\"><\/a><a href=\"#formTop\">REGISTRERA DIG F\u00d6R ETT GRATIS HANDELSKONTO F\u00d6R Nexonix Profit<\/a>\n              <\/div>\n            <\/div>\n          <\/div>\n        <\/div>\n      <\/div>\n    <\/main>\n    \n    <div class=\"sticky-btn-wrap\">\n      <a href=\"#formTop\" class=\"btn sticky-btn anchor-js w-button\">B\u00f6rja handla idag<\/a>\n    <\/div>\n    <footer class=\"footer\">\n      <div class=\"container w-container\">\n        <div class=\"footer-cols\">\n          <div class=\"footer-col fc-1\">\n            <a href=\"\/\" class=\"footer-logo w-inline-block\">\n              <img decoding=\"async\" src=\"https:\/\/nexonixprofit.com\/wp-content\/uploads\/2024\/08\/nexonix-profit-high-resolution-logo-transparent-1-1.png\" width=\"Auto\" alt=\"Nexonix Profit - F\u00e5 exklusiva f\u00f6rdelar med ditt kostnadsfria Nexonix Profit-konto  \" height=\"50\" class=\"footer-img\"\/>\n            <\/a>\n          <\/div>\n          <div class=\"footer-col fc-2\">\n            <div class=\"footer-nav-list\">\n              <div class=\"footer-nav-item\">\n                <a href=\"https:\/\/nexonixprofit.com\/sv\/om-oss\/\" class=\"footer-nav-link\">Om oss<\/a>\n              <\/div>\n              <div class=\"footer-nav-item\">\n                <a href=\"https:\/\/nexonixprofit.com\/terms\/\" class=\"footer-nav-link\">Villkor och anvisningar<\/a>\n              <\/div>\n              <div class=\"footer-nav-item\">\n                <a href=\"https:\/\/nexonixprofit.com\/policy\/\" class=\"footer-nav-link\">Integritetspolicy<\/a>\n              <\/div>\n              <div class=\"footer-nav-item\">\n                <a href=\"https:\/\/nexonixprofit.com\/sv\/kontakta-oss\/\" class=\"footer-nav-link\">Kontakta oss<\/a>\n              <\/div>\n              <div class=\"footer-nav-item\">\n                <div class=\"copyright\"><span class=\"year\">@2024<\/span>\n<\/div>\n              <\/div>\n            <\/div>\n          <\/div>\n        <\/div>\n        <div class=\"footer-disclaimer\">VARNING F\u00d6R H\u00d6G RISK: Handel med valutor, CFD:er och kryptovalutor \u00e4r mycket spekulativ, medf\u00f6r en icke f\u00f6rsumbar risk och kanske inte \u00e4r l\u00e4mplig f\u00f6r alla investerare.\nDu kan f\u00f6rlora en del av eller hela ditt investerade kapital, d\u00e4rf\u00f6r b\u00f6r du inte spekulera med kapital som du inte har r\u00e5d att f\u00f6rlora.\nV\u00e4nligen se riskupplysningen nedan.\nNexonix Profit g\u00f6r inte vinst eller f\u00f6rlust baserat p\u00e5 din aktivitet och fungerar som ett tj\u00e4nstef\u00f6retag.\nNexonix Profit \u00e4r inte ett f\u00f6retag f\u00f6r finansiella tj\u00e4nster och \u00e4r inte ber\u00e4ttigat att tillhandah\u00e5lla finansiell r\u00e5dgivning.\nD\u00e4rf\u00f6r ska Nexonix Profit inte h\u00e5llas ansvarigt f\u00f6r eventuella f\u00f6rluster som intr\u00e4ffat via eller i f\u00f6rh\u00e5llande till denna informationswebbplats.     <br\/>\n<br\/>  UPPLYSNING OM WEBBPLATSRISK: Nexonix Profit tar inte n\u00e5got ansvar f\u00f6r f\u00f6rlust eller skada till f\u00f6ljd av att man f\u00f6rlitar sig p\u00e5 informationen p\u00e5 denna webbplats; detta inkluderar utbildningsmaterial, prisnoteringar och diagram samt analys.\nVar medveten om och s\u00f6k professionell r\u00e5dgivning f\u00f6r de risker som \u00e4r f\u00f6rknippade med handel p\u00e5 de finansiella marknaderna; investera aldrig mer pengar \u00e4n du kan riskera att f\u00f6rlora.\nRiskerna med FX, CFD:er och kryptovalutor kanske inte \u00e4r l\u00e4mpliga f\u00f6r alla investerare.\nNexonix Profit tar inte ansvar f\u00f6r eventuella handelsf\u00f6rluster som du kan drabbas av till f\u00f6ljd av att du anv\u00e4nder eller drar slutsatser fr\u00e5n uppgifterna p\u00e5 denna webbplats.   <br\/>\n<br\/>  JURIDISKA BEGR\u00c4NSNINGAR: Utan att begr\u00e4nsa de ovan n\u00e4mnda best\u00e4mmelserna f\u00f6rst\u00e5r du att lagar om finansiella aktiviteter varierar \u00f6ver hela v\u00e4rlden, och det \u00e4r ditt ansvar att se till att du f\u00f6ljer alla lagar, f\u00f6rordningar eller riktlinjer i ditt bos\u00e4ttningsland avseende anv\u00e4ndningen av webbplatsen.\nF\u00f6r att undvika varje tvivel inneb\u00e4r m\u00f6jligheten att f\u00e5 tillg\u00e5ng till v\u00e5r webbplats inte n\u00f6dv\u00e4ndigtvis att v\u00e5ra tj\u00e4nster och\/eller dina aktiviteter via webbplatsen \u00e4r lagliga enligt de lagar, f\u00f6rordningar eller direktiv som g\u00e4ller i ditt bos\u00e4ttningsland.\nDet \u00e4r olagligt att uppmana amerikanska privatpersoner att k\u00f6pa och s\u00e4lja r\u00e5varuoptioner, \u00e4ven om de kallas &#8221;prediction&#8221;-kontrakt, s\u00e5vida de inte \u00e4r noterade f\u00f6r handel och handlas p\u00e5 en CFTC-registrerad b\u00f6rs, s\u00e5vida de inte \u00e4r undantagna enligt lag.\nStorbritanniens Financial Conduct Authority har utf\u00e4rdat ett policyuttalande PS20\/10, som f\u00f6rbjuder f\u00f6rs\u00e4ljning, marknadsf\u00f6ring och distribution av CFD p\u00e5 kryptotillg\u00e5ngar.\nDet f\u00f6rbjuder spridning av marknadsf\u00f6ringsmaterial avseende distribution av CFD:er och andra finansiella produkter baserade p\u00e5 kryptovalutor som riktar sig till inv\u00e5nare i Storbritannien.\nTillhandah\u00e5llande av handelstj\u00e4nster som omfattar finansiella instrument enligt MiFID II \u00e4r f\u00f6rbjudet i EU, s\u00e5vida det inte har godk\u00e4nts\/licensierats av de till\u00e4mpliga myndigheterna och\/eller tillsynsmyndigheterna.\nObservera att vi kan f\u00e5 reklamavgifter f\u00f6r anv\u00e4ndare som v\u00e4ljer att \u00f6ppna ett konto hos v\u00e5ra partnerannons\u00f6rer via annons\u00f6rernas webbplatser.\nVi har placerat cookies p\u00e5 din dator f\u00f6r att f\u00f6rb\u00e4ttra din upplevelse n\u00e4r du bes\u00f6ker denna webbplats.\nDu kan n\u00e4r som helst \u00e4ndra inst\u00e4llningarna f\u00f6r cookies p\u00e5 din dator.\nAnv\u00e4ndning av denna webbplats inneb\u00e4r att du accepterar denna webbplats.         <br\/>\n<br\/>  Observera att de namn som f\u00f6rekommer p\u00e5 v\u00e5r webbplats, inklusive men inte begr\u00e4nsat till Nexonix Profit , endast \u00e4r avsedda f\u00f6r marknadsf\u00f6ring och illustrativa \u00e4ndam\u00e5l.\nDessa namn representerar inte eller antyder inte f\u00f6rekomsten av specifika enheter, tj\u00e4nsteleverant\u00f6rer eller verkliga personer.\nDessutom \u00e4r de bilder och\/eller videor som presenteras p\u00e5 v\u00e5r webbplats enbart av reklamkarakt\u00e4r och visar professionella sk\u00e5despelare.\nDessa sk\u00e5despelare \u00e4r inte faktiska anv\u00e4ndare, kunder eller handlare, och deras avbildningar ska inte tolkas som rekommendationer eller representationer av verkliga erfarenheter.\nAllt inneh\u00e5ll \u00e4r endast avsett f\u00f6r illustrativa \u00e4ndam\u00e5l och ska inte tolkas som fakta eller som att det bildar n\u00e5got r\u00e4ttsligt bindande f\u00f6rh\u00e5llande.    <\/div>\n      <\/div>\n    <\/footer>\n  <\/div>\n","protected":false},"excerpt":{"rendered":"<p>Om Nexonix Profit Vad \u00e4r Nexonix Profit-programvaran? Bitcoin, som f\u00f6rst introducerades 2009, och d\u00e4refter andra&hellip;<\/p>\n","protected":false},"author":1,"featured_media":0,"parent":0,"menu_order":0,"comment_status":"closed","ping_status":"closed","template":"","meta":{"_acf_changed":false,"_monsterinsights_skip_tracking":false,"_monsterinsights_sitenote_active":false,"_monsterinsights_sitenote_note":"","_monsterinsights_sitenote_category":0,"footnotes":""},"class_list":["post-159","page","type-page","status-publish","hentry"],"acf":[],"_links":{"self":[{"href":"https:\/\/nexonixprofit.com\/sv\/wp-json\/wp\/v2\/pages\/159"}],"collection":[{"href":"https:\/\/nexonixprofit.com\/sv\/wp-json\/wp\/v2\/pages"}],"about":[{"href":"https:\/\/nexonixprofit.com\/sv\/wp-json\/wp\/v2\/types\/page"}],"author":[{"embeddable":true,"href":"https:\/\/nexonixprofit.com\/sv\/wp-json\/wp\/v2\/users\/1"}],"replies":[{"embeddable":true,"href":"https:\/\/nexonixprofit.com\/sv\/wp-json\/wp\/v2\/comments?post=159"}],"version-history":[{"count":1,"href":"https:\/\/nexonixprofit.com\/sv\/wp-json\/wp\/v2\/pages\/159\/revisions"}],"predecessor-version":[{"id":161,"href":"https:\/\/nexonixprofit.com\/sv\/wp-json\/wp\/v2\/pages\/159\/revisions\/161"}],"wp:attachment":[{"href":"https:\/\/nexonixprofit.com\/sv\/wp-json\/wp\/v2\/media?parent=159"}],"curies":[{"name":"wp","href":"https:\/\/api.w.org\/{rel}","templated":true}]}}